{"id":6875,"date":"2022-06-14T15:03:57","date_gmt":"2022-06-14T20:03:57","guid":{"rendered":"https:\/\/prodottidiforza.com\/?post_type=product&#038;p=6875"},"modified":"2022-07-07T12:10:37","modified_gmt":"2022-07-07T17:10:37","slug":"lombardi60","status":"publish","type":"product","link":"https:\/\/fiatmachinery.com\/it\/producto\/lombardi60\/","title":{"rendered":"MOTOR A DI\u00c9SEL LOMBARDI60"},"content":{"rendered":"<p style=\"text-align: left;\">Los motores FIAT DI\u00c9SEL LOMBARDI60 son motores multicilindro enfriados por agua, equipados con un sistema arranque el\u00e9ctrico a 12V DC, medidores de funcionamiento, radiador y escape. Dotados de flecha de transmisi\u00f3n son motores de alto torque y desempe\u00f1o, \u00f3ptimo para aplicaciones industriales donde se requiera gran potencia y confiabilidad. Proporcionan un desempe\u00f1o de hasta 45 KW de potencia a 3000 RPM.<\/p>\n","protected":false},"excerpt":{"rendered":"<p><strong><span style=\"color: #a2014c;\"><img loading=\"lazy\" decoding=\"async\" class=\"alignnone size-full wp-image-4638\" src=\"https:\/\/fiatmachinery.com\/wp-content\/uploads\/2022\/05\/Bandera-fiat-3.png\" alt=\"\" width=\"40\" height=\"31\" \/><\/span><span style=\"color: #993366;\">Fiat Professional &#8211; LOMBARDI60<\/span><\/strong><\/p>\n<p>Los motores FIAT DI\u00c9SEL LOMBARDI60 son motores multicilindro enfriados por agua, equipados con un sistema arranque el\u00e9ctrico a 12V DC, medidores de funcionamiento, radiador y escape. Dotados de flecha de transmisi\u00f3n son motores de alto torque y desempe\u00f1o, \u00f3ptimo para aplicaciones industriales donde se requiera gran potencia y confiabilidad. Proporcionan un desempe\u00f1o de hasta 45 KW de potencia a 3000 RPM.<\/p>\n<p><b>Caracter\u00edsticas<\/b><strong>:<\/strong><\/p>\n<ul>\n<li>Motor: Fiat<\/li>\n<li>Potencia del Motor: 60 HP<\/li>\n<li>Cilindrada: 3,857 CC<\/li>\n<li>Combustible: Di\u00e9sel<\/li>\n<li>Potencia Continua: 43 KW<\/li>\n<li>Potencia M\u00e1xima: 45 KW<\/li>\n<li>Consumo de combustible: 250g (KWxHr) @3000 RPM<\/li>\n<li>Grado de Aceite: SAE 15W40<\/li>\n<li>Dimensiones: 89 x 60 x 72 cm<\/li>\n<li>Peso: 400 Kg<\/li>\n<\/ul>\n","protected":false},"featured_media":8076,"template":"","meta":[],"product_cat":[49,163,239],"product_tag":[885,888,889,887,883],"class_list":{"0":"post-6875","1":"product","2":"type-product","3":"status-publish","4":"has-post-thumbnail","6":"product_cat-motores","7":"product_cat-diesel","8":"product_cat-enfriado-por-agua","9":"product_tag-diesel","10":"product_tag-electricos","11":"product_tag-fuera-de-borda","12":"product_tag-gasolina","13":"product_tag-motores","15":"first","16":"instock","17":"shipping-taxable","18":"product-type-simple"},"_links":{"self":[{"href":"https:\/\/fiatmachinery.com\/it\/wp-json\/wp\/v2\/product\/6875"}],"collection":[{"href":"https:\/\/fiatmachinery.com\/it\/wp-json\/wp\/v2\/product"}],"about":[{"href":"https:\/\/fiatmachinery.com\/it\/wp-json\/wp\/v2\/types\/product"}],"wp:featuredmedia":[{"embeddable":true,"href":"https:\/\/fiatmachinery.com\/it\/wp-json\/wp\/v2\/media\/8076"}],"wp:attachment":[{"href":"https:\/\/fiatmachinery.com\/it\/wp-json\/wp\/v2\/media?parent=6875"}],"wp:term":[{"taxonomy":"product_cat","embeddable":true,"href":"https:\/\/fiatmachinery.com\/it\/wp-json\/wp\/v2\/product_cat?post=6875"},{"taxonomy":"product_tag","embeddable":true,"href":"https:\/\/fiatmachinery.com\/it\/wp-json\/wp\/v2\/product_tag?post=6875"}],"curies":[{"name":"wp","href":"https:\/\/api.w.org\/{rel}","templated":true}]}}