{"id":6876,"date":"2022-06-14T15:05:57","date_gmt":"2022-06-14T20:05:57","guid":{"rendered":"https:\/\/prodottidiforza.com\/?post_type=product&#038;p=6876"},"modified":"2022-07-06T10:35:53","modified_gmt":"2022-07-06T15:35:53","slug":"dicapo4","status":"publish","type":"product","link":"https:\/\/fiatmachinery.com\/it\/producto\/dicapo4\/","title":{"rendered":"MOTOR A DI\u00c9SEL DICAPO4"},"content":{"rendered":"<p style=\"text-align: left\">Los motores FIAT PROFESSIONAL DI\u00c9SEL DICAPO4 son motores monocil\u00edndricos enfriados por aire que cuentan con arranque el\u00e9ctrico y manual retr\u00e1ctil, suministrado con inyectores de alta eficiencia y componentes de alta calidad que lo hacen vers\u00e1til para cualquier aplicaci\u00f3n. Proporcionan un desempe\u00f1o de hasta 3 KW de potencia a 3600 RPM.<\/p>\n","protected":false},"excerpt":{"rendered":"<p><strong><span style=\"color: #a2014c\"><img loading=\"lazy\" decoding=\"async\" class=\"alignnone size-full wp-image-4638\" src=\"https:\/\/fiatmachinery.com\/wp-content\/uploads\/2022\/05\/Bandera-fiat-3.png\" alt=\"\" width=\"40\" height=\"31\" \/>Fiat Professional &#8211; DICAPO4<\/span><\/strong><\/p>\n<p>Los motores FIAT PROFESSIONAL DI\u00c9SEL DICAPO4 son motores monocil\u00edndricos enfriados por aire que cuentan con arranque el\u00e9ctrico y manual retr\u00e1ctil, suministrado con inyectores de alta eficiencia y componentes de alta calidad que lo hacen vers\u00e1til para cualquier aplicaci\u00f3n. Proporcionan un desempe\u00f1o de hasta 3 KW de potencia a 3600 RPM.<\/p>\n<p><b>Caracter\u00edsticas<\/b><strong>:<\/strong><\/p>\n<ul>\n<li>\u25ba Motor: Fiat Professional<\/li>\n<li>\u25ba Potencia del Motor: 4 HP<\/li>\n<li>\u25ba Cilindrada: 269 CC<\/li>\n<li>\u25ba Combustible: Di\u00e9sel<\/li>\n<li>\u25ba Potencia Continua: 3 KW<\/li>\n<li>\u25ba Potencia M\u00e1xima: 3.9 KW<\/li>\n<li>\u25ba Consumo de combustible: 275.1g(KWxHr) @3000 RPM<\/li>\n<li>\u25ba Grado de Aceite: SAE 15W40<\/li>\n<li>\u25ba Capacidad del Tanque: 5.5 L<\/li>\n<li>\u25ba Capacidad de Aceite: 1.65 L<\/li>\n<li>\u25ba Dimensiones: 41 x 46 x 50 cm<\/li>\n<li>\u25ba Peso: 36 Kg<\/li>\n<\/ul>\n","protected":false},"featured_media":7441,"template":"","meta":[],"product_cat":[49,163,240],"product_tag":[885,888,889,887,883],"class_list":{"0":"post-6876","1":"product","2":"type-product","3":"status-publish","4":"has-post-thumbnail","6":"product_cat-motores","7":"product_cat-diesel","8":"product_cat-enfriado-por-aire","9":"product_tag-diesel","10":"product_tag-electricos","11":"product_tag-fuera-de-borda","12":"product_tag-gasolina","13":"product_tag-motores","15":"first","16":"instock","17":"shipping-taxable","18":"product-type-simple"},"_links":{"self":[{"href":"https:\/\/fiatmachinery.com\/it\/wp-json\/wp\/v2\/product\/6876"}],"collection":[{"href":"https:\/\/fiatmachinery.com\/it\/wp-json\/wp\/v2\/product"}],"about":[{"href":"https:\/\/fiatmachinery.com\/it\/wp-json\/wp\/v2\/types\/product"}],"wp:featuredmedia":[{"embeddable":true,"href":"https:\/\/fiatmachinery.com\/it\/wp-json\/wp\/v2\/media\/7441"}],"wp:attachment":[{"href":"https:\/\/fiatmachinery.com\/it\/wp-json\/wp\/v2\/media?parent=6876"}],"wp:term":[{"taxonomy":"product_cat","embeddable":true,"href":"https:\/\/fiatmachinery.com\/it\/wp-json\/wp\/v2\/product_cat?post=6876"},{"taxonomy":"product_tag","embeddable":true,"href":"https:\/\/fiatmachinery.com\/it\/wp-json\/wp\/v2\/product_tag?post=6876"}],"curies":[{"name":"wp","href":"https:\/\/api.w.org\/{rel}","templated":true}]}}