{"id":6897,"date":"2022-06-14T15:40:16","date_gmt":"2022-06-14T20:40:16","guid":{"rendered":"https:\/\/prodottidiforza.com\/?post_type=product&#038;p=6897"},"modified":"2023-11-09T11:20:52","modified_gmt":"2023-11-09T17:20:52","slug":"capo70","status":"publish","type":"product","link":"https:\/\/fiatmachinery.com\/it\/producto\/capo70\/","title":{"rendered":"MOTOR A GASOLINA CAPO70"},"content":{"rendered":"<p style=\"text-align: left\">Nuestros motores a gasolina CAPO ofrecen un encendido f\u00e1cil, funcionamiento m\u00e1s silencioso y tecnolog\u00eda OHV. Contienen un filtro de cartucho con pre filtro contra los residuos en el aire que entran al motor, y alerta de aceite.<\/p>\n","protected":false},"excerpt":{"rendered":"<p><strong><span style=\"color: #a2014c\"><img loading=\"lazy\" decoding=\"async\" class=\"alignnone size-full wp-image-4638\" src=\"https:\/\/fiatmachinery.com\/wp-content\/uploads\/2022\/05\/Bandera-fiat-3.png\" alt=\"\" width=\"40\" height=\"31\" \/><\/span><span style=\"color: #993366\">Fiat Professional &#8211; CAPO70<\/span><\/strong><\/p>\n<p>Motor a gasolina 7hp de 4 tiempos uso general<\/p>\n<p><b>Caracter\u00edsticas<\/b><strong>:<\/strong><\/p>\n<ul>\n<li>Tipo de motor: Gasolina uso general<\/li>\n<li>Potencia: 7HP<\/li>\n<li>Cilindrada: 205CC<\/li>\n<li>Sist. encendido: Manual Retr\u00e1ctil<\/li>\n<li>Potencia Continua: 7HP<\/li>\n<li>Empaque: 35 x 39 x 33 cm<\/li>\n<li>Peso: 18 Kg<\/li>\n<\/ul>\n<div class=\"materialficha\">\n<h3>DESCARGA MATERIAL DIGITAL<\/h3>\n<\/div>\n<div class=\"materialbtn\"><a class=\"myButton\" href=\"https:\/\/drive.google.com\/file\/d\/1ruZLJCrz7kltjbX_N040QrT7kN_lxyBo\/view?usp=sharing\">FICHA<br \/>\nTECNICA<\/a><br \/>\n<a class=\"myButton\" href=\"https:\/\/drive.google.com\/file\/d\/1Dg0mbQ5VDJrskKOYCGR0wMsVILD0CJZS\/view?usp=drive_link\">MANUAL DE<br \/>\nUSUARIO<\/a><\/div>\n","protected":false},"featured_media":10248,"template":"","meta":[],"product_cat":[49,166],"product_tag":[885,888,889,887,883],"class_list":{"0":"post-6897","1":"product","2":"type-product","3":"status-publish","4":"has-post-thumbnail","6":"product_cat-motores","7":"product_cat-gasolina","8":"product_tag-diesel","9":"product_tag-electricos","10":"product_tag-fuera-de-borda","11":"product_tag-gasolina","12":"product_tag-motores","14":"first","15":"instock","16":"shipping-taxable","17":"product-type-simple"},"_links":{"self":[{"href":"https:\/\/fiatmachinery.com\/it\/wp-json\/wp\/v2\/product\/6897"}],"collection":[{"href":"https:\/\/fiatmachinery.com\/it\/wp-json\/wp\/v2\/product"}],"about":[{"href":"https:\/\/fiatmachinery.com\/it\/wp-json\/wp\/v2\/types\/product"}],"wp:featuredmedia":[{"embeddable":true,"href":"https:\/\/fiatmachinery.com\/it\/wp-json\/wp\/v2\/media\/10248"}],"wp:attachment":[{"href":"https:\/\/fiatmachinery.com\/it\/wp-json\/wp\/v2\/media?parent=6897"}],"wp:term":[{"taxonomy":"product_cat","embeddable":true,"href":"https:\/\/fiatmachinery.com\/it\/wp-json\/wp\/v2\/product_cat?post=6897"},{"taxonomy":"product_tag","embeddable":true,"href":"https:\/\/fiatmachinery.com\/it\/wp-json\/wp\/v2\/product_tag?post=6897"}],"curies":[{"name":"wp","href":"https:\/\/api.w.org\/{rel}","templated":true}]}}