{"id":6899,"date":"2022-06-14T15:41:25","date_gmt":"2022-06-14T20:41:25","guid":{"rendered":"https:\/\/prodottidiforza.com\/?post_type=product&#038;p=6899"},"modified":"2022-08-25T09:35:43","modified_gmt":"2022-08-25T14:35:43","slug":"capo200","status":"publish","type":"product","link":"https:\/\/fiatmachinery.com\/it\/producto\/capo200\/","title":{"rendered":"MOTOR A GASOLINA CAPO200"},"content":{"rendered":"<p style=\"text-align: left\">Nuestros motores a gasolina CAPO ofrecen un encendido f\u00e1cil, funcionamiento m\u00e1s silencioso y tecnolog\u00eda OHV. Contienen un filtro de cartucho con pre filtro contra los residuos en el aire que entran al motor, y alerta de aceite<\/p>\n","protected":false},"excerpt":{"rendered":"<p><strong><span style=\"color: #a2014c\"><img loading=\"lazy\" decoding=\"async\" class=\"alignnone size-full wp-image-4638\" src=\"https:\/\/fiatmachinery.com\/wp-content\/uploads\/2022\/05\/Bandera-fiat-3.png\" alt=\"\" width=\"40\" height=\"31\" \/><\/span><span style=\"color: #993366\">Fiat Professional &#8211; CAPO200<\/span><\/strong><\/p>\n<p>Motor a gasolina 20hp de 4 tiempos uso general<\/p>\n<p><b>Caracter\u00edsticas<\/b><strong>:<\/strong><\/p>\n<ul>\n<li>Tipo de motor: Gasolina uso general;<\/li>\n<li>Potencia: 20HP;<\/li>\n<li>Cilindrada: 680CC;<\/li>\n<li>Sist. encendido: Manual Retr\u00e1ctil;<\/li>\n<li>Potencia Continua: 20HP;<\/li>\n<li>Empaque: 49 x 51 x 42 cm;<\/li>\n<li>Peso: 51 Kg<\/li>\n<\/ul>\n<p>&nbsp;<\/p>\n","protected":false},"featured_media":9089,"template":"","meta":[],"product_cat":[49,166],"product_tag":[885,888,889,887,883],"class_list":{"0":"post-6899","1":"product","2":"type-product","3":"status-publish","4":"has-post-thumbnail","6":"product_cat-motores","7":"product_cat-gasolina","8":"product_tag-diesel","9":"product_tag-electricos","10":"product_tag-fuera-de-borda","11":"product_tag-gasolina","12":"product_tag-motores","14":"first","15":"instock","16":"shipping-taxable","17":"product-type-simple"},"_links":{"self":[{"href":"https:\/\/fiatmachinery.com\/it\/wp-json\/wp\/v2\/product\/6899"}],"collection":[{"href":"https:\/\/fiatmachinery.com\/it\/wp-json\/wp\/v2\/product"}],"about":[{"href":"https:\/\/fiatmachinery.com\/it\/wp-json\/wp\/v2\/types\/product"}],"wp:featuredmedia":[{"embeddable":true,"href":"https:\/\/fiatmachinery.com\/it\/wp-json\/wp\/v2\/media\/9089"}],"wp:attachment":[{"href":"https:\/\/fiatmachinery.com\/it\/wp-json\/wp\/v2\/media?parent=6899"}],"wp:term":[{"taxonomy":"product_cat","embeddable":true,"href":"https:\/\/fiatmachinery.com\/it\/wp-json\/wp\/v2\/product_cat?post=6899"},{"taxonomy":"product_tag","embeddable":true,"href":"https:\/\/fiatmachinery.com\/it\/wp-json\/wp\/v2\/product_tag?post=6899"}],"curies":[{"name":"wp","href":"https:\/\/api.w.org\/{rel}","templated":true}]}}