{"id":6902,"date":"2022-06-14T15:41:58","date_gmt":"2022-06-14T20:41:58","guid":{"rendered":"https:\/\/prodottidiforza.com\/?post_type=product&#038;p=6902"},"modified":"2022-08-10T12:57:06","modified_gmt":"2022-08-10T17:57:06","slug":"capi60","status":"publish","type":"product","link":"https:\/\/fiatmachinery.com\/it\/producto\/capi60\/","title":{"rendered":"MOTOR A GASOLINA CAPI60"},"content":{"rendered":"<p style=\"text-align: left\">Nuestro Motor a gasolina CAPI60 ofrece un encendido f\u00e1cil, funcionamiento m\u00e1s silencioso y tecnolog\u00eda OHV. Contienen un filtro de cartucho con pre filtro contra los residuos en el aire que entran al motor, y alerta de aceite.<\/p>\n","protected":false},"excerpt":{"rendered":"<p><strong><span style=\"color: #a2014c\"><img loading=\"lazy\" decoding=\"async\" class=\"alignnone size-full wp-image-4638\" src=\"https:\/\/fiatmachinery.com\/wp-content\/uploads\/2022\/05\/Bandera-fiat-3.png\" alt=\"\" width=\"40\" height=\"31\" \/>Fiat Professional &#8211; CAPI60<\/span><\/strong><\/p>\n<p>Motor a gasolina Fiat Professional de 6hp a 4 tiempos<\/p>\n<p><b>Caracter\u00edsticas<\/b><strong>:<\/strong><\/p>\n<ul>\n<li>Tipo de motor: Gasolina uso general.<\/li>\n<li>Potencia: 6 HP.<\/li>\n<li>Cilindrada: 205 CC.<\/li>\n<li>Sistema de encendido: Manual Retr\u00e1ctil.<\/li>\n<li>Potencia continua:\u00a0 6 HP<\/li>\n<li>Peso: 18 kg.<\/li>\n<li>Empaque: 35 x 39 x 33 cm<\/li>\n<\/ul>\n<p>&nbsp;<\/p>\n","protected":false},"featured_media":7622,"template":"","meta":[],"product_cat":[49,166],"product_tag":[885,888,889,887,883],"class_list":{"0":"post-6902","1":"product","2":"type-product","3":"status-publish","4":"has-post-thumbnail","6":"product_cat-motores","7":"product_cat-gasolina","8":"product_tag-diesel","9":"product_tag-electricos","10":"product_tag-fuera-de-borda","11":"product_tag-gasolina","12":"product_tag-motores","14":"first","15":"instock","16":"shipping-taxable","17":"product-type-simple"},"_links":{"self":[{"href":"https:\/\/fiatmachinery.com\/it\/wp-json\/wp\/v2\/product\/6902"}],"collection":[{"href":"https:\/\/fiatmachinery.com\/it\/wp-json\/wp\/v2\/product"}],"about":[{"href":"https:\/\/fiatmachinery.com\/it\/wp-json\/wp\/v2\/types\/product"}],"wp:featuredmedia":[{"embeddable":true,"href":"https:\/\/fiatmachinery.com\/it\/wp-json\/wp\/v2\/media\/7622"}],"wp:attachment":[{"href":"https:\/\/fiatmachinery.com\/it\/wp-json\/wp\/v2\/media?parent=6902"}],"wp:term":[{"taxonomy":"product_cat","embeddable":true,"href":"https:\/\/fiatmachinery.com\/it\/wp-json\/wp\/v2\/product_cat?post=6902"},{"taxonomy":"product_tag","embeddable":true,"href":"https:\/\/fiatmachinery.com\/it\/wp-json\/wp\/v2\/product_tag?post=6902"}],"curies":[{"name":"wp","href":"https:\/\/api.w.org\/{rel}","templated":true}]}}