{"id":6903,"date":"2022-06-14T15:43:57","date_gmt":"2022-06-14T20:43:57","guid":{"rendered":"https:\/\/prodottidiforza.com\/?post_type=product&#038;p=6903"},"modified":"2024-05-22T12:58:57","modified_gmt":"2024-05-22T18:58:57","slug":"tifone20","status":"publish","type":"product","link":"https:\/\/fiatmachinery.com\/it\/producto\/tifone20\/","title":{"rendered":"MOTOBOMBA DI\u00c9SEL GRAN CAUDAL TIFONE20"},"content":{"rendered":"<p style=\"text-align: left\">Las MOTOBOMBAS FIAT PROFESSIONAL A DI\u00c9SEL TIFONE20 son motobombas centr\u00edfugas con cuerpo de hierro, su especial dise\u00f1o le permite otorgar una alto caudal y presi\u00f3n al mismo tiempo, lo que la hace muy vers\u00e1til para cualquier necesidad de suministro de agua, que al estar acopladas a un confIable MOTOR FIAT PROFESSIONAL, le asegura un mayor rendimiento y bajo costo de mantenimiento. Son centrifugas de 4&#8243; de succi\u00f3n por 4&#8243; de descarga, acopladas a Motor Shell de 20 HP enfriado por agua, multicil\u00edndro de alto torque y suministrado con medidores de funcionamiento.<\/p>\n","protected":false},"excerpt":{"rendered":"<p><strong><span style=\"color: #a2014c\"><img loading=\"lazy\" decoding=\"async\" class=\"alignnone size-full wp-image-4638\" src=\"https:\/\/fiatmachinery.com\/wp-content\/uploads\/2022\/05\/Bandera-fiat-3.png\" alt=\"\" width=\"40\" height=\"31\" \/>FIAT Professional &#8211; TIFONE20<\/span><\/strong><\/p>\n<p>Las MOTOBOMBAS FIAT PROFESSIONAL A DI\u00c9SEL TIFONE20 son motobombas centr\u00edfugas con cuerpo de hierro, su especial dise\u00f1o le permite otorgar una alto caudal y presi\u00f3n al mismo tiempo, lo que la hace muy vers\u00e1til para cualquier necesidad de suministro de agua, que al estar acopladas a un confIable MOTOR FIAT PROFESSIONAL, le asegura un mayor rendimiento y bajo costo de mantenimiento. Son centrifugas de 4&#8243; de succi\u00f3n por 4&#8243; de descarga, acopladas a Motor de 20 HP enfriado por agua, multicil\u00edndro de alto torque y suministrado con medidores de funcionamiento.<\/p>\n<p><b>Caracter\u00edsticas<\/b><strong>:<\/strong><\/p>\n<ul>\n<li>Motor: Fiat Professional<\/li>\n<li>Potencia del Motor: 20 HP<\/li>\n<li>Cilindrada: 1375 CC<\/li>\n<li>Combustible: Di\u00e9sel<\/li>\n<li>Potencia M\u00e1xima: 15 KW<\/li>\n<li>Consumo de combustible: 260g (KWxHr) <span class=\"atMention\" title=\"3000\">@3000<\/span> RPM<\/li>\n<li>Capacidad del Tanque: 95 L<\/li>\n<li>Litros por minuto: 2016 LPM<\/li>\n<li>Elevaci\u00f3n M\u00e1xima: 80 M<\/li>\n<li>Distancia de Succi\u00f3n: 8 M<\/li>\n<\/ul>\n<p>&nbsp;<\/p>\n<p><a class=\"myButton\" href=\"https:\/\/drive.google.com\/file\/d\/1cF2nPH5okDpqJUI_9gtG57jgpG5CFdZ_\/view?usp=sharing\">FICHA<br \/>\nTECNICA<\/a><\/p>\n","protected":false},"featured_media":10630,"template":"","meta":[],"product_cat":[57,168,243],"product_tag":[1015,885,888,887,1016,890],"class_list":{"0":"post-6903","1":"product","2":"type-product","3":"status-publish","4":"has-post-thumbnail","6":"product_cat-motobombas","7":"product_cat-diesel-motobombas","8":"product_cat-alta-presion","9":"product_tag-alta-presion","10":"product_tag-diesel","11":"product_tag-electricos","12":"product_tag-gasolina","13":"product_tag-gran-caudal","14":"product_tag-motobombas","16":"first","17":"instock","18":"shipping-taxable","19":"product-type-simple"},"_links":{"self":[{"href":"https:\/\/fiatmachinery.com\/it\/wp-json\/wp\/v2\/product\/6903"}],"collection":[{"href":"https:\/\/fiatmachinery.com\/it\/wp-json\/wp\/v2\/product"}],"about":[{"href":"https:\/\/fiatmachinery.com\/it\/wp-json\/wp\/v2\/types\/product"}],"wp:featuredmedia":[{"embeddable":true,"href":"https:\/\/fiatmachinery.com\/it\/wp-json\/wp\/v2\/media\/10630"}],"wp:attachment":[{"href":"https:\/\/fiatmachinery.com\/it\/wp-json\/wp\/v2\/media?parent=6903"}],"wp:term":[{"taxonomy":"product_cat","embeddable":true,"href":"https:\/\/fiatmachinery.com\/it\/wp-json\/wp\/v2\/product_cat?post=6903"},{"taxonomy":"product_tag","embeddable":true,"href":"https:\/\/fiatmachinery.com\/it\/wp-json\/wp\/v2\/product_tag?post=6903"}],"curies":[{"name":"wp","href":"https:\/\/api.w.org\/{rel}","templated":true}]}}