{"id":6909,"date":"2022-06-14T15:47:53","date_gmt":"2022-06-14T20:47:53","guid":{"rendered":"https:\/\/prodottidiforza.com\/?post_type=product&#038;p=6909"},"modified":"2022-07-06T11:53:25","modified_gmt":"2022-07-06T16:53:25","slug":"corcega44","status":"publish","type":"product","link":"https:\/\/fiatmachinery.com\/it\/producto\/corcega44\/","title":{"rendered":"MOTOBOMBA DI\u00c9SEL AUTOCEBANTE CORCEGA44"},"content":{"rendered":"<p style=\"text-align: left\">Las MOTOBOMBAS FIAT CORCEGA44, son autocebantes de 4&#8243; de succi\u00f3n y 4&#8243; de descarga acopladas a un Motor Fiat de 10 HP enfriado por aire de arranque el\u00e9ctrico y manual retr\u00e1ctil. Su cabeza de aleaci\u00f3n de aluminio se caracteriza por tener un auto caudal y trasladar inclusive aguas sucias, que al estar acopladas a un confiable motor Fiatle asegura un mayor rendimiento y bajo costo de mantenimiento.<\/p>\n","protected":false},"excerpt":{"rendered":"<p><strong><span style=\"color: #a2014c\"><img loading=\"lazy\" decoding=\"async\" class=\"alignnone size-full wp-image-4638\" src=\"https:\/\/fiatmachinery.com\/wp-content\/uploads\/2022\/05\/Bandera-fiat-3.png\" alt=\"\" width=\"40\" height=\"31\" \/><\/span><span style=\"color: #993366\">Fiat Professional &#8211; CORCEGA44<\/span><\/strong><\/p>\n<p>Las MOTOBOMBAS FIAT CORCEGA44, son autocebantes de 4&#8243; de succi\u00f3n y 4&#8243; de descarga acopladas a un Motor Fiat de 10 HP enfriado por aire de arranque el\u00e9ctrico y manual retr\u00e1ctil. Su cabeza de aleaci\u00f3n de aluminio se caracteriza por tener un auto caudal y trasladar inclusive aguas sucias, que al estar acopladas a un confiable motor Fiatle asegura un mayor rendimiento y bajo costo de mantenimiento.<\/p>\n<p><b>Caracter\u00edsticas<\/b><strong>:<\/strong><\/p>\n<ul>\n<li>Motor: Fiat<\/li>\n<li>Potencia del Motor: 10 HP<\/li>\n<li>Cilindrada: 418 CC<\/li>\n<li>Combustible: Di\u00e9sel<\/li>\n<li>Potencia M\u00e1xima: 7.5 KW<\/li>\n<li>Consumo de combustible: 595g (KWxHr) @3600 RPM<\/li>\n<li>Capacidad del Tanque: 12.5 L<\/li>\n<li>Litros por Minuto: 1600 LPM<\/li>\n<li>Elevaci\u00f3n M\u00e1xima: 21 M<\/li>\n<li>Distancia de Succi\u00f3n: 8 M<\/li>\n<li>Dimensiones: 68x 52 x 75 cm<\/li>\n<li>Peso: 87 Kg<\/li>\n<\/ul>\n","protected":false},"featured_media":7346,"template":"","meta":[],"product_cat":[57,168,244],"product_tag":[885,888,887,890],"class_list":{"0":"post-6909","1":"product","2":"type-product","3":"status-publish","4":"has-post-thumbnail","6":"product_cat-motobombas","7":"product_cat-diesel-motobombas","8":"product_cat-autocebantes","9":"product_tag-diesel","10":"product_tag-electricos","11":"product_tag-gasolina","12":"product_tag-motobombas","14":"first","15":"instock","16":"shipping-taxable","17":"product-type-simple"},"_links":{"self":[{"href":"https:\/\/fiatmachinery.com\/it\/wp-json\/wp\/v2\/product\/6909"}],"collection":[{"href":"https:\/\/fiatmachinery.com\/it\/wp-json\/wp\/v2\/product"}],"about":[{"href":"https:\/\/fiatmachinery.com\/it\/wp-json\/wp\/v2\/types\/product"}],"wp:featuredmedia":[{"embeddable":true,"href":"https:\/\/fiatmachinery.com\/it\/wp-json\/wp\/v2\/media\/7346"}],"wp:attachment":[{"href":"https:\/\/fiatmachinery.com\/it\/wp-json\/wp\/v2\/media?parent=6909"}],"wp:term":[{"taxonomy":"product_cat","embeddable":true,"href":"https:\/\/fiatmachinery.com\/it\/wp-json\/wp\/v2\/product_cat?post=6909"},{"taxonomy":"product_tag","embeddable":true,"href":"https:\/\/fiatmachinery.com\/it\/wp-json\/wp\/v2\/product_tag?post=6909"}],"curies":[{"name":"wp","href":"https:\/\/api.w.org\/{rel}","templated":true}]}}