{"id":6919,"date":"2022-06-14T16:09:05","date_gmt":"2022-06-14T21:09:05","guid":{"rendered":"https:\/\/prodottidiforza.com\/?post_type=product&#038;p=6919"},"modified":"2022-08-11T10:09:52","modified_gmt":"2022-08-11T15:09:52","slug":"fonte100","status":"publish","type":"product","link":"https:\/\/fiatmachinery.com\/it\/producto\/fonte100\/","title":{"rendered":"MOTOBOMBA EL\u00c9CTRICA DOM\u00c9STICA FONTE100"},"content":{"rendered":"<p style=\"text-align: left\">Motobomba centrifuga Fiat Professional, apta para el manejo de agua a presi\u00f3n en aplicaciones agr\u00edcolas e industriales. Trabaja con un motor monof\u00e1sico abierto a prueba de goteo a una potencia de 1 HP que permite lograr un flujo m\u00e1ximo. Elaborado en metal para hacerla resistente y duradera. Cuenta con un di\u00e1metro de succi\u00f3n de 1 pulgada y descarga de 1 pulgada.<\/p>\n","protected":false},"excerpt":{"rendered":"<p><strong><span style=\"color: #a2014c\"><img loading=\"lazy\" decoding=\"async\" class=\"alignnone size-full wp-image-4638\" src=\"https:\/\/fiatmachinery.com\/wp-content\/uploads\/2022\/05\/Bandera-fiat-3.png\" alt=\"\" width=\"40\" height=\"31\" \/><\/span><span style=\"color: #993366\">Fiat Professional &#8211; FONTE100<\/span><\/strong><\/p>\n<p>Motobomba centrifuga Fiat Professional, apta para el manejo de agua a presi\u00f3n en aplicaciones agr\u00edcolas e industriales. Trabaja con un motor monof\u00e1sico abierto a prueba de goteo a una potencia de 1 HP que permite lograr un flujo m\u00e1ximo. Elaborado en metal para hacerla resistente y duradera. Cuenta con un di\u00e1metro de succi\u00f3n de 1 pulgada y descarga de 1 pulgada.<\/p>\n<p><b>Caracter\u00edsticas<\/b><strong>:<\/strong><\/p>\n<ul>\n<li>Motor Fiat Professional<\/li>\n<li>Potencia 1 HP<\/li>\n<li>Voltaje 110V \u00f3 220V<\/li>\n<li>60 Hz<\/li>\n<li>Di\u00e1metro de succi\u00f3n 1 -1\/4&#8243;<\/li>\n<li>Di\u00e1metro de descarga 1&#8243;<\/li>\n<li>Flujo 110 LPM<\/li>\n<li>Altura 32 metros<\/li>\n<li>Peso 10 Kg<\/li>\n<\/ul>\n<p>&nbsp;<\/p>\n","protected":false},"featured_media":9029,"template":"","meta":[],"product_cat":[57,169,247],"product_tag":[1022,888,890],"class_list":{"0":"post-6919","1":"product","2":"type-product","3":"status-publish","4":"has-post-thumbnail","6":"product_cat-motobombas","7":"product_cat-electricas","8":"product_cat-domesticas","9":"product_tag-domesticas","10":"product_tag-electricos","11":"product_tag-motobombas","13":"first","14":"instock","15":"shipping-taxable","16":"product-type-simple"},"_links":{"self":[{"href":"https:\/\/fiatmachinery.com\/it\/wp-json\/wp\/v2\/product\/6919"}],"collection":[{"href":"https:\/\/fiatmachinery.com\/it\/wp-json\/wp\/v2\/product"}],"about":[{"href":"https:\/\/fiatmachinery.com\/it\/wp-json\/wp\/v2\/types\/product"}],"wp:featuredmedia":[{"embeddable":true,"href":"https:\/\/fiatmachinery.com\/it\/wp-json\/wp\/v2\/media\/9029"}],"wp:attachment":[{"href":"https:\/\/fiatmachinery.com\/it\/wp-json\/wp\/v2\/media?parent=6919"}],"wp:term":[{"taxonomy":"product_cat","embeddable":true,"href":"https:\/\/fiatmachinery.com\/it\/wp-json\/wp\/v2\/product_cat?post=6919"},{"taxonomy":"product_tag","embeddable":true,"href":"https:\/\/fiatmachinery.com\/it\/wp-json\/wp\/v2\/product_tag?post=6919"}],"curies":[{"name":"wp","href":"https:\/\/api.w.org\/{rel}","templated":true}]}}