{"id":6925,"date":"2022-06-14T16:14:09","date_gmt":"2022-06-14T21:14:09","guid":{"rendered":"https:\/\/prodottidiforza.com\/?post_type=product&#038;p=6925"},"modified":"2023-11-09T11:42:00","modified_gmt":"2023-11-09T17:42:00","slug":"ciclone22a","status":"publish","type":"product","link":"https:\/\/fiatmachinery.com\/it\/producto\/ciclone22a\/","title":{"rendered":"MOTOBOMBA A GASOLINA ALTA PRESI\u00d3N CICLONE22A"},"content":{"rendered":"<p style=\"text-align: left\">Nuestra l\u00ednea de bombas a gasolina alta presi\u00f3n CICLONE con cabeza de aluminio de 2&#8243; de succi\u00f3n por 2&#8243; de descarga, cuentan con sello mec\u00e1nico resistente a la corrosi\u00f3n, tiempos de cebado cortos, alerta de aceite y excelente rendimiento de combustible. \u00datil para la construcci\u00f3n, aguas sucias o cualquier suministro de agua.<\/p>\n","protected":false},"excerpt":{"rendered":"<p><strong><span style=\"color: #a2014c\"><img loading=\"lazy\" decoding=\"async\" class=\"alignnone size-full wp-image-4638\" src=\"https:\/\/fiatmachinery.com\/wp-content\/uploads\/2022\/05\/Bandera-fiat-3.png\" alt=\"\" width=\"40\" height=\"31\" \/><\/span><span style=\"color: #993366\">Fiat Professional &#8211; CICLONE22A<\/span><\/strong><\/p>\n<p>Nuestra l\u00ednea de bombas a gasolina alta presi\u00f3n CICLONE con cabeza de aluminio de 2&#8243; de succi\u00f3n por 2&#8243; de descarga, cuentan con sello mec\u00e1nico resistente a la corrosi\u00f3n, tiempos de cebado cortos, alerta de aceite y excelente rendimiento de combustible. \u00datil para la construcci\u00f3n, aguas sucias o cualquier suministro de agua.<\/p>\n<p><b>Caracter\u00edsticas<\/b><strong>:<\/strong><\/p>\n<ul>\n<li>Motor: Capo 70<\/li>\n<li>Combustible: Gasolina<\/li>\n<li>Succi\u00f3n: 2 pulgadas<\/li>\n<li>Descarga: 1.5 pulgadas<\/li>\n<\/ul>\n<div class=\"materialficha\">\n<h3>DESCARGA MATERIAL DIGITAL<\/h3>\n<\/div>\n<div class=\"materialbtn\"><a class=\"myButton\" href=\"https:\/\/drive.google.com\/file\/d\/1yrRlt9mioe1NutQNORXoTVuE6Dyxe8zK\/view?usp=sharing\">FICHA<br \/>\nTECNICA<\/a><\/div>\n","protected":false},"featured_media":7205,"template":"","meta":[],"product_cat":[57,170,249],"product_tag":[1015,887,890],"class_list":{"0":"post-6925","1":"product","2":"type-product","3":"status-publish","4":"has-post-thumbnail","6":"product_cat-motobombas","7":"product_cat-gasolina-motobombas","8":"product_cat-alta-presion-gasolina-motobombas","9":"product_tag-alta-presion","10":"product_tag-gasolina","11":"product_tag-motobombas","13":"first","14":"instock","15":"shipping-taxable","16":"product-type-simple"},"_links":{"self":[{"href":"https:\/\/fiatmachinery.com\/it\/wp-json\/wp\/v2\/product\/6925"}],"collection":[{"href":"https:\/\/fiatmachinery.com\/it\/wp-json\/wp\/v2\/product"}],"about":[{"href":"https:\/\/fiatmachinery.com\/it\/wp-json\/wp\/v2\/types\/product"}],"wp:featuredmedia":[{"embeddable":true,"href":"https:\/\/fiatmachinery.com\/it\/wp-json\/wp\/v2\/media\/7205"}],"wp:attachment":[{"href":"https:\/\/fiatmachinery.com\/it\/wp-json\/wp\/v2\/media?parent=6925"}],"wp:term":[{"taxonomy":"product_cat","embeddable":true,"href":"https:\/\/fiatmachinery.com\/it\/wp-json\/wp\/v2\/product_cat?post=6925"},{"taxonomy":"product_tag","embeddable":true,"href":"https:\/\/fiatmachinery.com\/it\/wp-json\/wp\/v2\/product_tag?post=6925"}],"curies":[{"name":"wp","href":"https:\/\/api.w.org\/{rel}","templated":true}]}}