{"id":6927,"date":"2022-06-14T16:16:54","date_gmt":"2022-06-14T21:16:54","guid":{"rendered":"https:\/\/prodottidiforza.com\/?post_type=product&#038;p=6927"},"modified":"2025-01-10T16:08:57","modified_gmt":"2025-01-10T22:08:57","slug":"ciclone33","status":"publish","type":"product","link":"https:\/\/fiatmachinery.com\/it\/producto\/ciclone33\/","title":{"rendered":"MOTOBOMBA A GASOLINA AUTOCEBANTE CICLONE33"},"content":{"rendered":"<p style=\"text-align: left\">Nuestra l\u00ednea de bombas a gasolina CICLONE con cabeza de aluminio de 3&#8243; de succi\u00f3n por 3&#8243; de descarga, cuentan con sello mec\u00e1nico resistente a la corrosi\u00f3n, tiempos de cebado cortos, alerta de aceite y excelente rendimiento de combustible. \u00datil para la construcci\u00f3n, aguas sucias o cualquier suministro de agua.<\/p>\n","protected":false},"excerpt":{"rendered":"<p><strong><span style=\"color: #a2014c\"><img loading=\"lazy\" decoding=\"async\" class=\"alignnone size-full wp-image-4638\" src=\"https:\/\/fiatmachinery.com\/wp-content\/uploads\/2022\/05\/Bandera-fiat-3.png\" alt=\"\" width=\"40\" height=\"31\" \/><\/span><span style=\"color: #993366\">Fiat Professional &#8211; CICLONE33<\/span><\/strong><\/p>\n<p>Nuestra l\u00ednea de bombas a gasolina CICLONE con cabeza de aluminio de 3&#8243; de succi\u00f3n por 3&#8243; de descarga, cuentan con sello mec\u00e1nico resistente a la corrosi\u00f3n, tiempos de cebado cortos, alerta de aceite y excelente rendimiento de combustible. \u00datil para la construcci\u00f3n, aguas sucias o cualquier suministro de agua.<\/p>\n<p><b>Caracter\u00edsticas<\/b><strong>:<\/strong><\/p>\n<ul>\n<li>Motor: Capo 70<\/li>\n<li>Combustible: Gasolina<\/li>\n<li>Succi\u00f3n y descarga: 3 pulgadas<\/li>\n<li>LPM: 1000<\/li>\n<\/ul>\n<div class=\"materialficha\">\n<h3>DESCARGA MATERIAL DIGITAL<\/h3>\n<\/div>\n<div class=\"materialbtn\"><a class=\"myButton\" href=\"https:\/\/drive.google.com\/file\/d\/18kCgOZ5HOMKnPww7lBtlBRCaoShEIf_z\/view?usp=sharing\">FICHA<br \/>\nTECNICA<\/a><br \/>\n<a class=\"myButton\" href=\"https:\/\/drive.google.com\/file\/d\/1XWTDzOzUpoeMYqjRYd-urx2XDbMxLBpX\/view?usp=sharing\">MANUAL DE<br \/>\nUSUARIO<\/a><\/div>\n","protected":false},"featured_media":13120,"template":"","meta":[],"product_cat":[57,170,250],"product_tag":[885,888,887,890],"class_list":{"0":"post-6927","1":"product","2":"type-product","3":"status-publish","4":"has-post-thumbnail","6":"product_cat-motobombas","7":"product_cat-gasolina-motobombas","8":"product_cat-autocebantes-gasolina-motobombas","9":"product_tag-diesel","10":"product_tag-electricos","11":"product_tag-gasolina","12":"product_tag-motobombas","14":"first","15":"instock","16":"shipping-taxable","17":"product-type-simple"},"_links":{"self":[{"href":"https:\/\/fiatmachinery.com\/it\/wp-json\/wp\/v2\/product\/6927"}],"collection":[{"href":"https:\/\/fiatmachinery.com\/it\/wp-json\/wp\/v2\/product"}],"about":[{"href":"https:\/\/fiatmachinery.com\/it\/wp-json\/wp\/v2\/types\/product"}],"wp:featuredmedia":[{"embeddable":true,"href":"https:\/\/fiatmachinery.com\/it\/wp-json\/wp\/v2\/media\/13120"}],"wp:attachment":[{"href":"https:\/\/fiatmachinery.com\/it\/wp-json\/wp\/v2\/media?parent=6927"}],"wp:term":[{"taxonomy":"product_cat","embeddable":true,"href":"https:\/\/fiatmachinery.com\/it\/wp-json\/wp\/v2\/product_cat?post=6927"},{"taxonomy":"product_tag","embeddable":true,"href":"https:\/\/fiatmachinery.com\/it\/wp-json\/wp\/v2\/product_tag?post=6927"}],"curies":[{"name":"wp","href":"https:\/\/api.w.org\/{rel}","templated":true}]}}