{"id":6938,"date":"2022-06-14T16:31:33","date_gmt":"2022-06-14T21:31:33","guid":{"rendered":"https:\/\/prodottidiforza.com\/?post_type=product&#038;p=6938"},"modified":"2024-12-17T09:58:56","modified_gmt":"2024-12-17T15:58:56","slug":"pesci50","status":"publish","type":"product","link":"https:\/\/fiatmachinery.com\/it\/producto\/pesci50\/","title":{"rendered":"PRESURIZADORA PESCI50"},"content":{"rendered":"<p style=\"text-align: left\">Bomba de agua presurizadora Fiat Professional, \u00fatil para bombeo de agua limpia en aplicaciones dom\u00e9sticas. Tiene una potencia m\u00e1xima de 120 watts y flujo m\u00e1ximo de 35 L\/min. Adem\u00e1s, trabaja a una altura m\u00e1xima de 9 m y tiene una resistencia de temperatura m\u00e1xima de 95 grados cent\u00edgrados. Est\u00e1 elaborada de metal para hacerla m\u00e1s resistente y duradera, sus dimensiones son 16.3 x 12 x 11 cm y un peso de 2. 469 kg.<\/p>\n","protected":false},"excerpt":{"rendered":"<p><strong><span style=\"color: #a2014c\"><img loading=\"lazy\" decoding=\"async\" class=\"alignnone size-full wp-image-4638\" src=\"https:\/\/fiatmachinery.com\/wp-content\/uploads\/2022\/05\/Bandera-fiat-3.png\" alt=\"\" width=\"40\" height=\"31\" \/><\/span><span style=\"color: #993366\">Fiat Professional &#8211; PESCI50<\/span><\/strong><\/p>\n<p>Bomba de agua presurizadora Fiat Professional, \u00fatil para bombeo de agua limpia en aplicaciones dom\u00e9sticas. Tiene una potencia m\u00e1xima de 120 watts y flujo m\u00e1ximo de 35 L\/min. Adem\u00e1s, trabaja a una altura m\u00e1xima de 9 m y tiene una resistencia de temperatura m\u00e1xima de 95 grados cent\u00edgrados. Est\u00e1 elaborada de metal para hacerla m\u00e1s resistente y duradera, sus dimensiones son 16.3 x 12 x 11 cm y un peso de 2. 469 kg.<\/p>\n<p><b>Caracter\u00edsticas<\/b><strong>:<\/strong><\/p>\n<ul>\n<li>Presurizadora Fiat Professional<\/li>\n<li>1\/2 HP<\/li>\n<li>35 LPM<\/li>\n<li>110V \u00f3 220V<\/li>\n<li>60 Hz<\/li>\n<li>Conexiones de 3\/4&#8243;<\/li>\n<li>Peso 2.5 Kg<\/li>\n<\/ul>\n<p>&nbsp;<\/p>\n","protected":false},"featured_media":13009,"template":"","meta":[],"product_cat":[57,825],"product_tag":[888,890,1029],"class_list":{"0":"post-6938","1":"product","2":"type-product","3":"status-publish","4":"has-post-thumbnail","6":"product_cat-motobombas","7":"product_cat-presurizados-motobombas","8":"product_tag-electricos","9":"product_tag-motobombas","10":"product_tag-presurizadora","12":"first","13":"instock","14":"shipping-taxable","15":"product-type-simple"},"_links":{"self":[{"href":"https:\/\/fiatmachinery.com\/it\/wp-json\/wp\/v2\/product\/6938"}],"collection":[{"href":"https:\/\/fiatmachinery.com\/it\/wp-json\/wp\/v2\/product"}],"about":[{"href":"https:\/\/fiatmachinery.com\/it\/wp-json\/wp\/v2\/types\/product"}],"wp:featuredmedia":[{"embeddable":true,"href":"https:\/\/fiatmachinery.com\/it\/wp-json\/wp\/v2\/media\/13009"}],"wp:attachment":[{"href":"https:\/\/fiatmachinery.com\/it\/wp-json\/wp\/v2\/media?parent=6938"}],"wp:term":[{"taxonomy":"product_cat","embeddable":true,"href":"https:\/\/fiatmachinery.com\/it\/wp-json\/wp\/v2\/product_cat?post=6938"},{"taxonomy":"product_tag","embeddable":true,"href":"https:\/\/fiatmachinery.com\/it\/wp-json\/wp\/v2\/product_tag?post=6938"}],"curies":[{"name":"wp","href":"https:\/\/api.w.org\/{rel}","templated":true}]}}