{"id":7088,"date":"2022-06-15T13:06:40","date_gmt":"2022-06-15T18:06:40","guid":{"rendered":"https:\/\/prodottidiforza.com\/?post_type=product&#038;p=7088"},"modified":"2022-07-15T16:19:57","modified_gmt":"2022-07-15T21:19:57","slug":"imperia100top","status":"publish","type":"product","link":"https:\/\/fiatmachinery.com\/it\/producto\/imperia100top\/","title":{"rendered":"CORTADORA PLASMA IMPERIA100TOP"},"content":{"rendered":"<p style=\"text-align: left\">Cortadora de Plasma Inverter IGBT de uso industrial con gran tecnolog\u00eda italiana para realizar todo tipo de corte con excelente rendimiento<\/p>\n","protected":false},"excerpt":{"rendered":"<p><strong><span style=\"color: #a2014c\"><img loading=\"lazy\" decoding=\"async\" class=\"alignnone size-full wp-image-4638\" src=\"https:\/\/fiatmachinery.com\/wp-content\/uploads\/2022\/05\/Bandera-fiat-3.png\" alt=\"\" width=\"40\" height=\"31\" \/>Fiat Professional &#8211; IMPERIA100TOP<\/span><\/strong><\/p>\n<p>Cortadora de Plasma Inverter IGBT de uso industrial con gran tecnolog\u00eda italiana para realizar todo tipo de corte con excelente rendimiento<\/p>\n<p><b>Caracter\u00edsticas<\/b><strong>:<\/strong><\/p>\n<ul>\n<li>\u25baVOLTAJE DE ENTRADA 220\/380\/440V MONOF\u00c1SICO Y TRIF\u00c1SICO SELECCI\u00d3N AUTOM\u00c1TICA<\/li>\n<li>\u25ba FRECUENCIA 50\/60 HZ<\/li>\n<li>\u25ba PROTECCI\u00d3N IP21<\/li>\n<li>\u25ba DOBLE INVERSOR<\/li>\n<li>\u25ba CORRIENTE DE SALIDA 100A<\/li>\n<\/ul>\n","protected":false},"featured_media":8500,"template":"","meta":[],"product_cat":[76,230,341],"product_tag":[903,904,902,901,899,900],"class_list":{"0":"post-7088","1":"product","2":"type-product","3":"status-publish","4":"has-post-thumbnail","6":"product_cat-soldadoras","7":"product_cat-cortadora-plasma","8":"product_cat-uso-industrial-cortadora-plasma","9":"product_tag-caretas-electronicas","10":"product_tag-cortadora-laser","11":"product_tag-cortadora-plasma","12":"product_tag-soldadora-mig","13":"product_tag-soldadora-mma","14":"product_tag-soldadora-tig","16":"first","17":"instock","18":"shipping-taxable","19":"product-type-simple"},"_links":{"self":[{"href":"https:\/\/fiatmachinery.com\/it\/wp-json\/wp\/v2\/product\/7088"}],"collection":[{"href":"https:\/\/fiatmachinery.com\/it\/wp-json\/wp\/v2\/product"}],"about":[{"href":"https:\/\/fiatmachinery.com\/it\/wp-json\/wp\/v2\/types\/product"}],"wp:featuredmedia":[{"embeddable":true,"href":"https:\/\/fiatmachinery.com\/it\/wp-json\/wp\/v2\/media\/8500"}],"wp:attachment":[{"href":"https:\/\/fiatmachinery.com\/it\/wp-json\/wp\/v2\/media?parent=7088"}],"wp:term":[{"taxonomy":"product_cat","embeddable":true,"href":"https:\/\/fiatmachinery.com\/it\/wp-json\/wp\/v2\/product_cat?post=7088"},{"taxonomy":"product_tag","embeddable":true,"href":"https:\/\/fiatmachinery.com\/it\/wp-json\/wp\/v2\/product_tag?post=7088"}],"curies":[{"name":"wp","href":"https:\/\/api.w.org\/{rel}","templated":true}]}}