{"id":7611,"date":"2022-06-29T09:30:31","date_gmt":"2022-06-29T14:30:31","guid":{"rendered":"https:\/\/prodottidiforza.com\/?post_type=product&#038;p=7611"},"modified":"2024-04-11T09:24:58","modified_gmt":"2024-04-11T15:24:58","slug":"fiorentina-3","status":"publish","type":"product","link":"https:\/\/fiatmachinery.com\/it\/producto\/fiorentina-3\/","title":{"rendered":"ASPERSORA MANUAL FIORENTINA 3"},"content":{"rendered":"<p>Aspersora Manual de fertilizantes y qu\u00edmicos Fiorentina con capacidad de 3 litros, utilizadas para la fumigaci\u00f3n del jard\u00edn y en la agricultura, para esterilizaci\u00f3n y aplicaciones de protecci\u00f3n del medio ambiente o para control de plagas.<\/p>\n<p>&nbsp;<\/p>\n<p>&nbsp;<\/p>\n","protected":false},"excerpt":{"rendered":"<p><strong><span style=\"color: #a2014c\"><img loading=\"lazy\" decoding=\"async\" class=\"alignnone size-full wp-image-4638\" src=\"https:\/\/fiatmachinery.com\/wp-content\/uploads\/2022\/05\/Bandera-fiat-3.png\" alt=\"\" width=\"40\" height=\"31\" \/> Aspersora de Fertilizante Manual 3lts<\/span><\/strong><\/p>\n<p>Aspersora Manual de fertilizantes y qu\u00edmicos Fiorentina con capacidad de 3 litros<\/p>\n<p>&nbsp;<\/p>\n<p>&nbsp;<\/p>\n<p><strong>Caracter\u00edsticas:<\/strong><\/p>\n<ul>\n<li>Capacidad de tanque: 3 Lts<\/li>\n<li>Peso: 1 Kg<\/li>\n<\/ul>\n","protected":false},"featured_media":11196,"template":"","meta":[],"product_cat":[70,194,287],"product_tag":[933,935,936],"class_list":{"0":"post-7611","1":"product","2":"type-product","3":"status-publish","4":"has-post-thumbnail","6":"product_cat-forestal-jardineria-aspersion","7":"product_cat-aspersoras-manuales","8":"product_cat-para-liquidos","9":"product_tag-aspersion","10":"product_tag-fumigacion","11":"product_tag-manual","13":"first","14":"instock","15":"product-type-simple"},"_links":{"self":[{"href":"https:\/\/fiatmachinery.com\/it\/wp-json\/wp\/v2\/product\/7611"}],"collection":[{"href":"https:\/\/fiatmachinery.com\/it\/wp-json\/wp\/v2\/product"}],"about":[{"href":"https:\/\/fiatmachinery.com\/it\/wp-json\/wp\/v2\/types\/product"}],"wp:featuredmedia":[{"embeddable":true,"href":"https:\/\/fiatmachinery.com\/it\/wp-json\/wp\/v2\/media\/11196"}],"wp:attachment":[{"href":"https:\/\/fiatmachinery.com\/it\/wp-json\/wp\/v2\/media?parent=7611"}],"wp:term":[{"taxonomy":"product_cat","embeddable":true,"href":"https:\/\/fiatmachinery.com\/it\/wp-json\/wp\/v2\/product_cat?post=7611"},{"taxonomy":"product_tag","embeddable":true,"href":"https:\/\/fiatmachinery.com\/it\/wp-json\/wp\/v2\/product_tag?post=7611"}],"curies":[{"name":"wp","href":"https:\/\/api.w.org\/{rel}","templated":true}]}}