{"id":7677,"date":"2022-06-29T15:09:15","date_gmt":"2022-06-29T20:09:15","guid":{"rendered":"https:\/\/prodottidiforza.com\/?post_type=product&#038;p=7677"},"modified":"2022-07-29T12:41:22","modified_gmt":"2022-07-29T17:41:22","slug":"trentino","status":"publish","type":"product","link":"https:\/\/fiatmachinery.com\/it\/producto\/trentino\/","title":{"rendered":"CORTASETOS TRENTINO"},"content":{"rendered":"<p>Cortasetos TRENTINO con Motor a Gasolina de 2 Tiempos de 1 hp, dise\u00f1ado principalmente para el recepado de setos silvestres y le\u00f1osos. Con empu\u00f1adora multifuncional giratoria para trabajo c\u00f3modo en cualquier posici\u00f3n. Dise\u00f1o de trabajo ergon\u00f3mico para diestros y zurdos, bajo consumo de combustible<\/p>\n<p>&nbsp;<\/p>\n<p>&nbsp;<\/p>\n","protected":false},"excerpt":{"rendered":"<p><strong><span style=\"color: #a2014c\"><img loading=\"lazy\" decoding=\"async\" class=\"alignnone size-full wp-image-4638\" src=\"https:\/\/fiatmachinery.com\/wp-content\/uploads\/2022\/05\/Bandera-fiat-3.png\" alt=\"\" width=\"40\" height=\"31\" \/>Fiat Professional &#8211; TRENTINO<\/span><\/strong><\/p>\n<p>Cortasetos TRENTINO con motor a gasolina de 2 tiempos de 1 hp.<\/p>\n<p><strong>Caracter\u00edsticas:<\/strong><\/p>\n<ul>\n<li>CC 26<\/li>\n<li>HP 1.0<\/li>\n<li>KW 0.75<\/li>\n<li>Capacidad de combustible: .650 lts.<\/li>\n<li>33 navajas dobles<\/li>\n<li>Ancho de corte 600 mm<\/li>\n<li>Carburador de diafragma<\/li>\n<li>Peso: 8 kg.<\/li>\n<\/ul>\n","protected":false},"featured_media":8457,"template":"","meta":[],"product_cat":[70,197],"product_tag":[980,979,977],"class_list":{"0":"post-7677","1":"product","2":"type-product","3":"status-publish","4":"has-post-thumbnail","6":"product_cat-forestal-jardineria-aspersion","7":"product_cat-cortasetos","8":"product_tag-cortasetos","9":"product_tag-jardineria","10":"product_tag-portatil","12":"first","13":"instock","14":"product-type-simple"},"_links":{"self":[{"href":"https:\/\/fiatmachinery.com\/it\/wp-json\/wp\/v2\/product\/7677"}],"collection":[{"href":"https:\/\/fiatmachinery.com\/it\/wp-json\/wp\/v2\/product"}],"about":[{"href":"https:\/\/fiatmachinery.com\/it\/wp-json\/wp\/v2\/types\/product"}],"wp:featuredmedia":[{"embeddable":true,"href":"https:\/\/fiatmachinery.com\/it\/wp-json\/wp\/v2\/media\/8457"}],"wp:attachment":[{"href":"https:\/\/fiatmachinery.com\/it\/wp-json\/wp\/v2\/media?parent=7677"}],"wp:term":[{"taxonomy":"product_cat","embeddable":true,"href":"https:\/\/fiatmachinery.com\/it\/wp-json\/wp\/v2\/product_cat?post=7677"},{"taxonomy":"product_tag","embeddable":true,"href":"https:\/\/fiatmachinery.com\/it\/wp-json\/wp\/v2\/product_tag?post=7677"}],"curies":[{"name":"wp","href":"https:\/\/api.w.org\/{rel}","templated":true}]}}