{"id":7693,"date":"2022-06-29T15:34:13","date_gmt":"2022-06-29T20:34:13","guid":{"rendered":"https:\/\/prodottidiforza.com\/?post_type=product&#038;p=7693"},"modified":"2022-07-14T12:38:17","modified_gmt":"2022-07-14T17:38:17","slug":"toscana","status":"publish","type":"product","link":"https:\/\/fiatmachinery.com\/it\/producto\/toscana\/","title":{"rendered":"PARIHUELA CON TANQUE TOSCANA"},"content":{"rendered":"<p>TOSCANA esta compuesta por pistones de acero con recubrimiento cer\u00e1mico de alta durabilidad, cuerpo de succi\u00f3n, cilindro y graseras de bronce, que dan mayor tiempo de vida, tambi\u00e9n incluye base tubular de acero resistente a qu\u00edmicos.<\/p>\n","protected":false},"excerpt":{"rendered":"<p><strong><span style=\"color: #a2014c\"><img loading=\"lazy\" decoding=\"async\" class=\"alignnone size-full wp-image-4638\" src=\"https:\/\/fiatmachinery.com\/wp-content\/uploads\/2022\/05\/Bandera-fiat-3.png\" alt=\"\" width=\"40\" height=\"31\" \/>Fiat Professional &#8211; TOSCANA<\/span><\/strong><\/p>\n<p>TOSCANA esta compuesta por pistones de acero con recubrimiento cer\u00e1mico de alta durabilidad, cuerpo de succi\u00f3n, cilindro y graseras de bronce, que dan mayor tiempo de vida, tambi\u00e9n incluye base tubular de acero resistente a qu\u00edmicos.<\/p>\n<p><b>Caracter\u00edsticas<\/b><strong>:<\/strong><\/p>\n<ul>\n<li>Motor: CAPO70 Fiat Professional<\/li>\n<li>HP 7<\/li>\n<li>Presi\u00f3n: 580-652 PSI \/40-45 BAR<\/li>\n<li>LPM: 20-38<\/li>\n<li>Tanque de l\u00edquidos: 160 lts.<\/li>\n<\/ul>\n<p>Incluye:<\/p>\n<ul>\n<li>Carrito.<\/li>\n<li>Manguera de descarga\u00a0 50 mts, reenvi\u00f3 y succi\u00f3n.<\/li>\n<li>Coladera.<\/li>\n<li>Lanza.<\/li>\n<li>Carrete para manguera.<\/li>\n<li>Base.<\/li>\n<\/ul>\n","protected":false},"featured_media":8472,"template":"","meta":[],"product_cat":[70,208,306],"product_tag":[1006],"class_list":{"0":"post-7693","1":"product","2":"type-product","3":"status-publish","4":"has-post-thumbnail","6":"product_cat-forestal-jardineria-aspersion","7":"product_cat-parihuelas-bombas-para-fumigar","8":"product_cat-con-tanque","9":"product_tag-motosierra-para-trabajos-forestales-intensivos","11":"first","12":"instock","13":"product-type-simple"},"_links":{"self":[{"href":"https:\/\/fiatmachinery.com\/it\/wp-json\/wp\/v2\/product\/7693"}],"collection":[{"href":"https:\/\/fiatmachinery.com\/it\/wp-json\/wp\/v2\/product"}],"about":[{"href":"https:\/\/fiatmachinery.com\/it\/wp-json\/wp\/v2\/types\/product"}],"wp:featuredmedia":[{"embeddable":true,"href":"https:\/\/fiatmachinery.com\/it\/wp-json\/wp\/v2\/media\/8472"}],"wp:attachment":[{"href":"https:\/\/fiatmachinery.com\/it\/wp-json\/wp\/v2\/media?parent=7693"}],"wp:term":[{"taxonomy":"product_cat","embeddable":true,"href":"https:\/\/fiatmachinery.com\/it\/wp-json\/wp\/v2\/product_cat?post=7693"},{"taxonomy":"product_tag","embeddable":true,"href":"https:\/\/fiatmachinery.com\/it\/wp-json\/wp\/v2\/product_tag?post=7693"}],"curies":[{"name":"wp","href":"https:\/\/api.w.org\/{rel}","templated":true}]}}