{"id":7882,"date":"2022-07-05T15:40:49","date_gmt":"2022-07-05T20:40:49","guid":{"rendered":"https:\/\/prodottidiforza.com\/?post_type=product&#038;p=7882"},"modified":"2024-04-11T12:59:32","modified_gmt":"2024-04-11T18:59:32","slug":"predatore381","status":"publish","type":"product","link":"https:\/\/fiatmachinery.com\/it\/producto\/predatore381\/","title":{"rendered":"MOTOSIERRA PARA TRABAJOS INTENSIVOS PREDATORE38130TOP"},"content":{"rendered":"<p>Motosierra para trabajos forestales intensivos. Su nuevo sistema torna el manejo de esta motosierra m\u00e1s seguro y confortable para el operador, por ser potente, liviana, con f\u00e1cil mantenimiento y gran rendimiento durante el uso en condiciones dif\u00edciles y con madera dura y garantiza un perfecto equilibrio entre el peso y la potencia sin disminuir la seguridad y el confort durante el trabajo.<br \/>\nLa PREDATORE 381 TOP es una motosierra preferida por los profesionales<\/p>\n<p>&nbsp;<\/p>\n","protected":false},"excerpt":{"rendered":"<p><strong><span style=\"color: #a2014c\"><img loading=\"lazy\" decoding=\"async\" class=\"alignnone size-full wp-image-4638\" src=\"https:\/\/fiatmachinery.com\/wp-content\/uploads\/2022\/05\/Bandera-fiat-3.png\" alt=\"\" width=\"40\" height=\"31\" \/><\/span><span style=\"color: #993366\">Fiat Professional &#8211; PREDATORE381TOP<\/span><\/strong><\/p>\n<p>Motosierra 72.2cc con motor a gasolina 2 tiempos de 5.3hp y con barra 30\u2033<\/p>\n<p><b>Caracter\u00edsticas<\/b><strong>:<\/strong><\/p>\n<ul>\n<li><span style=\"font-family: verdana,geneva;font-size: small\">Cilindrada: 72.2cc3<\/span><\/li>\n<li><span style=\"font-family: verdana,geneva;font-size: small\">Potencia: 5.3HP<\/span><\/li>\n<li>Barra: 30&#8243; punta pi\u00f1\u00f3n<\/li>\n<li><span style=\"font-family: verdana,geneva;font-size: small\">Peso: 6.6Kg<\/span><\/li>\n<li><span style=\"font-family: verdana,geneva;font-size: small\">Cadena: 3\/8&#8243; 36RM<\/span><\/li>\n<li><span style=\"font-family: verdana,geneva;font-size: small\">Capacidad del tanque de combustible: 0.68 Litros<\/span><\/li>\n<li><span style=\"font-family: verdana,geneva;font-size: small\">Capacidad del tanque de aceite de cadena: 0.36 Litros<\/span><strong><span style=\"font-family: verdana,geneva;font-size: small\"><br \/>\n<\/span><\/strong><\/li>\n<\/ul>\n","protected":false},"featured_media":11265,"template":"","meta":[],"product_cat":[70,832],"product_tag":[979,995,999,1000],"class_list":{"0":"post-7882","1":"product","2":"type-product","3":"status-publish","4":"has-post-thumbnail","6":"product_cat-forestal-jardineria-aspersion","7":"product_cat-trabajos-forestales-intensibos-motosierras","8":"product_tag-jardineria","9":"product_tag-motosierra","10":"product_tag-podar","11":"product_tag-tala","13":"first","14":"instock","15":"shipping-taxable","16":"product-type-simple"},"_links":{"self":[{"href":"https:\/\/fiatmachinery.com\/it\/wp-json\/wp\/v2\/product\/7882"}],"collection":[{"href":"https:\/\/fiatmachinery.com\/it\/wp-json\/wp\/v2\/product"}],"about":[{"href":"https:\/\/fiatmachinery.com\/it\/wp-json\/wp\/v2\/types\/product"}],"wp:featuredmedia":[{"embeddable":true,"href":"https:\/\/fiatmachinery.com\/it\/wp-json\/wp\/v2\/media\/11265"}],"wp:attachment":[{"href":"https:\/\/fiatmachinery.com\/it\/wp-json\/wp\/v2\/media?parent=7882"}],"wp:term":[{"taxonomy":"product_cat","embeddable":true,"href":"https:\/\/fiatmachinery.com\/it\/wp-json\/wp\/v2\/product_cat?post=7882"},{"taxonomy":"product_tag","embeddable":true,"href":"https:\/\/fiatmachinery.com\/it\/wp-json\/wp\/v2\/product_tag?post=7882"}],"curies":[{"name":"wp","href":"https:\/\/api.w.org\/{rel}","templated":true}]}}