{"id":7886,"date":"2022-07-05T15:54:45","date_gmt":"2022-07-05T20:54:45","guid":{"rendered":"https:\/\/prodottidiforza.com\/?post_type=product&#038;p=7886"},"modified":"2022-07-15T16:08:43","modified_gmt":"2022-07-15T21:08:43","slug":"parihuela-de-membranas-brescia","status":"publish","type":"product","link":"https:\/\/fiatmachinery.com\/it\/producto\/parihuela-de-membranas-brescia\/","title":{"rendered":"PARIHUELA DE MEMBRANAS BRESCIA"},"content":{"rendered":"<p>CUERPO DE SUCCI\u00d3N Y CILINDRO DE ALUMINIO, PARA HUERTAS (C\u00cdTRICOS Y FRUTALES), LIMPIEZA Y DESINFECCI\u00d3N DE CORRALES Y CABALLERIZAS, PARA LAVADO DE AUTOS. INCLUYE MANGUERA DE REENV\u00cdO, SUCCI\u00d3N, COLADERA, PISTOLA Y BASE.<\/p>\n","protected":false},"excerpt":{"rendered":"<p><strong><span style=\"color: #a2014c\"><img loading=\"lazy\" decoding=\"async\" class=\"alignnone size-full wp-image-4638\" src=\"https:\/\/fiatmachinery.com\/wp-content\/uploads\/2022\/05\/Bandera-fiat-3.png\" alt=\"\" width=\"40\" height=\"31\" \/> Fiat Professional &#8211; BRESCIA<\/span><\/strong><\/p>\n<p>CUERPO DE SUCCI\u00d3N Y CILINDRO DE ALUMINIO, PARA HUERTAS (C\u00cdTRICOS Y FRUTALES), LIMPIEZA Y DESINFECCI\u00d3N DE CORRALES Y CABALLERIZAS, PARA LAVADO DE AUTOS. INCLUYE MANGUERA DE REENV\u00cdO, SUCCI\u00d3N, COLADERA, PISTOLA Y BASE.<\/p>\n<p><b>Caracter\u00edsticas<\/b><strong>:<\/strong><\/p>\n<ul>\n<li>MOTOR FIAT PROFESSIONAL<\/li>\n<li>HP 7<\/li>\n<li>PRESI\u00d3N 40 BAR\/580 PSI<\/li>\n<li>LPM 35<\/li>\n<li>UN ROLLO DE MANGUERA 50 MTS<\/li>\n<\/ul>\n","protected":false},"featured_media":8496,"template":"","meta":[],"product_cat":[70,208,305],"product_tag":[1005,994,935,979,1007,1003],"class_list":{"0":"post-7886","1":"product","2":"type-product","3":"status-publish","4":"has-post-thumbnail","6":"product_cat-forestal-jardineria-aspersion","7":"product_cat-parihuelas-bombas-para-fumigar","8":"product_cat-de-membranas","9":"product_tag-bomba-para-fumigar","10":"product_tag-forestal","11":"product_tag-fumigacion","12":"product_tag-jardineria","13":"product_tag-membranas","14":"product_tag-parihuela","16":"first","17":"instock","18":"product-type-simple"},"_links":{"self":[{"href":"https:\/\/fiatmachinery.com\/it\/wp-json\/wp\/v2\/product\/7886"}],"collection":[{"href":"https:\/\/fiatmachinery.com\/it\/wp-json\/wp\/v2\/product"}],"about":[{"href":"https:\/\/fiatmachinery.com\/it\/wp-json\/wp\/v2\/types\/product"}],"wp:featuredmedia":[{"embeddable":true,"href":"https:\/\/fiatmachinery.com\/it\/wp-json\/wp\/v2\/media\/8496"}],"wp:attachment":[{"href":"https:\/\/fiatmachinery.com\/it\/wp-json\/wp\/v2\/media?parent=7886"}],"wp:term":[{"taxonomy":"product_cat","embeddable":true,"href":"https:\/\/fiatmachinery.com\/it\/wp-json\/wp\/v2\/product_cat?post=7886"},{"taxonomy":"product_tag","embeddable":true,"href":"https:\/\/fiatmachinery.com\/it\/wp-json\/wp\/v2\/product_tag?post=7886"}],"curies":[{"name":"wp","href":"https:\/\/api.w.org\/{rel}","templated":true}]}}