{"id":7889,"date":"2022-07-05T16:02:29","date_gmt":"2022-07-05T21:02:29","guid":{"rendered":"https:\/\/prodottidiforza.com\/?post_type=product&#038;p=7889"},"modified":"2022-09-20T15:46:22","modified_gmt":"2022-09-20T20:46:22","slug":"sopladora-vento50","status":"publish","type":"product","link":"https:\/\/fiatmachinery.com\/it\/producto\/sopladora-vento50\/","title":{"rendered":"SOPLADORA VENTO50"},"content":{"rendered":"<p>Sopladora de mochila FIAT Professional de construcci\u00f3n compacta, empu\u00f1adura multifuncional. con placa en la espalda y cintur\u00f3n acolchado para mayor confort del operador.<\/p>\n","protected":false},"excerpt":{"rendered":"<p><strong><span style=\"color: #a2014c\"><img loading=\"lazy\" decoding=\"async\" class=\"alignnone size-full wp-image-4638\" src=\"https:\/\/fiatmachinery.com\/wp-content\/uploads\/2022\/05\/Bandera-fiat-3.png\" alt=\"\" width=\"40\" height=\"31\" \/><\/span><span style=\"color: #993366\">Fiat Professional &#8211; VENTO35<\/span><\/strong><\/p>\n<p>Sopladora de mochila FIAT Professional de construcci\u00f3n compacta, empu\u00f1adura multifuncional. con placa en la espalda y cintur\u00f3n acolchado para mayor confort del operador.<\/p>\n<p><b>Caracter\u00edsticas<\/b><strong>:<\/strong><\/p>\n<ul>\n<li>\u00a0CC 50<\/li>\n<li>HP 1.5<\/li>\n<li>KW 0.9<\/li>\n<li>CAPACIDAD DE COMBUSTIBLE .850 LTS<\/li>\n<li>PESO 5.4 KG<\/li>\n<\/ul>\n<p>&nbsp;<\/p>\n","protected":false},"featured_media":9756,"template":"","meta":[],"product_cat":[70,209],"product_tag":[1009,979,1008],"class_list":{"0":"post-7889","1":"product","2":"type-product","3":"status-publish","4":"has-post-thumbnail","6":"product_cat-forestal-jardineria-aspersion","7":"product_cat-sopladoras","8":"product_tag-aspiradora","9":"product_tag-jardineria","10":"product_tag-sopladora","12":"first","13":"instock","14":"shipping-taxable","15":"product-type-simple"},"_links":{"self":[{"href":"https:\/\/fiatmachinery.com\/it\/wp-json\/wp\/v2\/product\/7889"}],"collection":[{"href":"https:\/\/fiatmachinery.com\/it\/wp-json\/wp\/v2\/product"}],"about":[{"href":"https:\/\/fiatmachinery.com\/it\/wp-json\/wp\/v2\/types\/product"}],"wp:featuredmedia":[{"embeddable":true,"href":"https:\/\/fiatmachinery.com\/it\/wp-json\/wp\/v2\/media\/9756"}],"wp:attachment":[{"href":"https:\/\/fiatmachinery.com\/it\/wp-json\/wp\/v2\/media?parent=7889"}],"wp:term":[{"taxonomy":"product_cat","embeddable":true,"href":"https:\/\/fiatmachinery.com\/it\/wp-json\/wp\/v2\/product_cat?post=7889"},{"taxonomy":"product_tag","embeddable":true,"href":"https:\/\/fiatmachinery.com\/it\/wp-json\/wp\/v2\/product_tag?post=7889"}],"curies":[{"name":"wp","href":"https:\/\/api.w.org\/{rel}","templated":true}]}}