{"id":7892,"date":"2022-07-05T16:12:30","date_gmt":"2022-07-05T21:12:30","guid":{"rendered":"https:\/\/prodottidiforza.com\/?post_type=product&#038;p=7892"},"modified":"2023-08-11T17:23:15","modified_gmt":"2023-08-11T23:23:15","slug":"a-bateria-aspersora-vicenza","status":"publish","type":"product","link":"https:\/\/fiatmachinery.com\/it\/producto\/a-bateria-aspersora-vicenza\/","title":{"rendered":"A BATER\u00cdA ASPERSORA VICENZA"},"content":{"rendered":"<p>La aspersora a bater\u00eda VICENZA con tanque de 20 litros, cuenta con una duraci\u00f3n de carga de 8 horas continuas. Ideales para fumigar hospitales, jardines y todo tipo de \u00e1reas verdes.<\/p>\n","protected":false},"excerpt":{"rendered":"<p><strong><span style=\"color: #a2014c\"><img loading=\"lazy\" decoding=\"async\" class=\"alignnone size-full wp-image-4638\" src=\"https:\/\/fiatmachinery.com\/wp-content\/uploads\/2022\/05\/Bandera-fiat-3.png\" alt=\"\" width=\"40\" height=\"31\" \/> Fiat Professional &#8211; VICENZA<\/span><\/strong><\/p>\n<p>La aspersora a bater\u00eda VICENZA con tanque de 20 litros, cuenta con una duraci\u00f3n de carga de 8 horas continuas. Ideales para fumigar hospitales, jardines y todo tipo de \u00e1reas verdes.<\/p>\n<p><b>Caracter\u00edsticas<\/b><strong>:<\/strong><\/p>\n<ul>\n<li>Motor: El\u00e9ctrico<\/li>\n<li>Bater\u00eda: \u00e1cido<\/li>\n<li>Capacidad de tanque: 20 Lts<\/li>\n<li>Presi\u00f3n: 29 &#8211; 58 PSI<\/li>\n<li>Empaque: 38 x 27 x 56 cm<\/li>\n<li>Peso: 8 Kg<\/li>\n<\/ul>\n","protected":false},"featured_media":10095,"template":"","meta":[],"product_cat":[70,193,280],"product_tag":[976,933,935,977],"class_list":{"0":"post-7892","1":"product","2":"type-product","3":"status-publish","4":"has-post-thumbnail","6":"product_cat-forestal-jardineria-aspersion","7":"product_cat-equipos-a-bateria","8":"product_cat-aspersoras","9":"product_tag-a-bateria","10":"product_tag-aspersion","11":"product_tag-fumigacion","12":"product_tag-portatil","14":"first","15":"instock","16":"shipping-taxable","17":"product-type-simple"},"_links":{"self":[{"href":"https:\/\/fiatmachinery.com\/it\/wp-json\/wp\/v2\/product\/7892"}],"collection":[{"href":"https:\/\/fiatmachinery.com\/it\/wp-json\/wp\/v2\/product"}],"about":[{"href":"https:\/\/fiatmachinery.com\/it\/wp-json\/wp\/v2\/types\/product"}],"wp:featuredmedia":[{"embeddable":true,"href":"https:\/\/fiatmachinery.com\/it\/wp-json\/wp\/v2\/media\/10095"}],"wp:attachment":[{"href":"https:\/\/fiatmachinery.com\/it\/wp-json\/wp\/v2\/media?parent=7892"}],"wp:term":[{"taxonomy":"product_cat","embeddable":true,"href":"https:\/\/fiatmachinery.com\/it\/wp-json\/wp\/v2\/product_cat?post=7892"},{"taxonomy":"product_tag","embeddable":true,"href":"https:\/\/fiatmachinery.com\/it\/wp-json\/wp\/v2\/product_tag?post=7892"}],"curies":[{"name":"wp","href":"https:\/\/api.w.org\/{rel}","templated":true}]}}