{"id":7904,"date":"2022-07-05T17:09:54","date_gmt":"2022-07-05T22:09:54","guid":{"rendered":"https:\/\/prodottidiforza.com\/?post_type=product&#038;p=7904"},"modified":"2022-08-30T15:10:05","modified_gmt":"2022-08-30T20:10:05","slug":"a-bateria-nebulizadora-orchidie","status":"publish","type":"product","link":"https:\/\/fiatmachinery.com\/it\/producto\/a-bateria-nebulizadora-orchidie\/","title":{"rendered":"A BATER\u00cdA NEBULIZADORA ORCHIDIE"},"content":{"rendered":"<p>Nebulizadora a bater\u00eda, no incluye cargador ni bater\u00eda<\/p>\n<p>Ideal para fungicidas, herbicidas e insecticidas, el rociador puede cubrir hasta 90 mts en 1 minuto con 2 litros de l\u00edquido.<\/p>\n","protected":false},"excerpt":{"rendered":"<p><strong><span style=\"color: #a2014c\"><img loading=\"lazy\" decoding=\"async\" class=\"alignnone size-full wp-image-4638\" src=\"https:\/\/fiatmachinery.com\/wp-content\/uploads\/2022\/05\/Bandera-fiat-3.png\" alt=\"\" width=\"40\" height=\"31\" \/><\/span><span style=\"color: #993366\">Fiat Professional &#8211; ORCHIDIE<\/span><\/strong><\/p>\n<p>Nebulizadora a bater\u00eda (solo herramienta)<\/p>\n<p><b>Caracter\u00edsticas<\/b><strong>:<\/strong><\/p>\n<ul>\n<li>Motor sin carga de 2,200 rpm<\/li>\n<li>Capacidad de tanque de 2 lts<\/li>\n<li>Velocidad m\u00e1xima de aire: 23 m\/s<\/li>\n<li>Volumen m\u00e1ximo de aire: 33 m3\/h<\/li>\n<li>Corriente de trabajo: 11 amp<\/li>\n<li>Las particulas atomizadas alcanzan 4.5 mts de distancia<\/li>\n<li>Ideal para fungicidas, herbicidas e insecticidas<\/li>\n<li><\/li>\n<\/ul>\n<p>&nbsp;<\/p>\n","protected":false},"featured_media":9269,"template":"","meta":[],"product_cat":[70,193,285],"product_tag":[978,980,979,1109],"class_list":{"0":"post-7904","1":"product","2":"type-product","3":"status-publish","4":"has-post-thumbnail","6":"product_cat-forestal-jardineria-aspersion","7":"product_cat-equipos-a-bateria","8":"product_cat-nebulizadora","9":"product_tag-cortacesped","10":"product_tag-cortasetos","11":"product_tag-jardineria","12":"product_tag-nebulizadora","14":"first","15":"instock","16":"shipping-taxable","17":"product-type-simple"},"_links":{"self":[{"href":"https:\/\/fiatmachinery.com\/it\/wp-json\/wp\/v2\/product\/7904"}],"collection":[{"href":"https:\/\/fiatmachinery.com\/it\/wp-json\/wp\/v2\/product"}],"about":[{"href":"https:\/\/fiatmachinery.com\/it\/wp-json\/wp\/v2\/types\/product"}],"wp:featuredmedia":[{"embeddable":true,"href":"https:\/\/fiatmachinery.com\/it\/wp-json\/wp\/v2\/media\/9269"}],"wp:attachment":[{"href":"https:\/\/fiatmachinery.com\/it\/wp-json\/wp\/v2\/media?parent=7904"}],"wp:term":[{"taxonomy":"product_cat","embeddable":true,"href":"https:\/\/fiatmachinery.com\/it\/wp-json\/wp\/v2\/product_cat?post=7904"},{"taxonomy":"product_tag","embeddable":true,"href":"https:\/\/fiatmachinery.com\/it\/wp-json\/wp\/v2\/product_tag?post=7904"}],"curies":[{"name":"wp","href":"https:\/\/api.w.org\/{rel}","templated":true}]}}