{"id":7906,"date":"2022-07-05T17:19:33","date_gmt":"2022-07-05T22:19:33","guid":{"rendered":"https:\/\/prodottidiforza.com\/?post_type=product&#038;p=7906"},"modified":"2024-04-06T12:50:36","modified_gmt":"2024-04-06T18:50:36","slug":"aspersora-manual-fiorentina-1","status":"publish","type":"product","link":"https:\/\/fiatmachinery.com\/it\/producto\/aspersora-manual-fiorentina-1\/","title":{"rendered":"ASPERSORA MANUAL FIORENTINA 1"},"content":{"rendered":"<p>Aspersora Manual de fertilizantes y qu\u00edmicos Fiorentina con capacidad de 1 litro, utilizadas para la fumigaci\u00f3n del jard\u00edn y en la agricultura, para esterilizaci\u00f3n y aplicaciones de protecci\u00f3n del medio ambiente o para control de plagas.<\/p>\n<p>&nbsp;<\/p>\n<p>&nbsp;<\/p>\n","protected":false},"excerpt":{"rendered":"<p><strong><span style=\"color: #a2014c\"><img loading=\"lazy\" decoding=\"async\" class=\"alignnone size-full wp-image-4638\" src=\"https:\/\/fiatmachinery.com\/wp-content\/uploads\/2022\/05\/Bandera-fiat-3.png\" alt=\"\" width=\"40\" height=\"31\" \/> Fiat Professional &#8211; FIORENTINA 1<\/span><\/strong><\/p>\n<p>Aspersora Manual de fertilizantes y qu\u00edmicos Fiorentina con capacidad de 1 litro<\/p>\n<p>&nbsp;<\/p>\n<p>&nbsp;<\/p>\n<p><strong>Caracter\u00edsticas:<\/strong><\/p>\n<ul>\n<li>Capacidad de tanque: 1 Lts<\/li>\n<li>Material resistente a qu\u00edmicos<\/li>\n<li>Peso: 1 Kg<\/li>\n<\/ul>\n","protected":false},"featured_media":11038,"template":"","meta":[],"product_cat":[70,194,287],"product_tag":[933,935,936],"class_list":{"0":"post-7906","1":"product","2":"type-product","3":"status-publish","4":"has-post-thumbnail","6":"product_cat-forestal-jardineria-aspersion","7":"product_cat-aspersoras-manuales","8":"product_cat-para-liquidos","9":"product_tag-aspersion","10":"product_tag-fumigacion","11":"product_tag-manual","13":"first","14":"instock","15":"product-type-simple"},"_links":{"self":[{"href":"https:\/\/fiatmachinery.com\/it\/wp-json\/wp\/v2\/product\/7906"}],"collection":[{"href":"https:\/\/fiatmachinery.com\/it\/wp-json\/wp\/v2\/product"}],"about":[{"href":"https:\/\/fiatmachinery.com\/it\/wp-json\/wp\/v2\/types\/product"}],"wp:featuredmedia":[{"embeddable":true,"href":"https:\/\/fiatmachinery.com\/it\/wp-json\/wp\/v2\/media\/11038"}],"wp:attachment":[{"href":"https:\/\/fiatmachinery.com\/it\/wp-json\/wp\/v2\/media?parent=7906"}],"wp:term":[{"taxonomy":"product_cat","embeddable":true,"href":"https:\/\/fiatmachinery.com\/it\/wp-json\/wp\/v2\/product_cat?post=7906"},{"taxonomy":"product_tag","embeddable":true,"href":"https:\/\/fiatmachinery.com\/it\/wp-json\/wp\/v2\/product_tag?post=7906"}],"curies":[{"name":"wp","href":"https:\/\/api.w.org\/{rel}","templated":true}]}}