{"id":8099,"date":"2022-07-07T15:31:40","date_gmt":"2022-07-07T20:31:40","guid":{"rendered":"https:\/\/prodottidiforza.com\/?post_type=product&#038;p=8099"},"modified":"2022-09-09T14:52:32","modified_gmt":"2022-09-09T19:52:32","slug":"motosierra-para-altura-massima","status":"publish","type":"product","link":"https:\/\/fiatmachinery.com\/it\/producto\/motosierra-para-altura-massima\/","title":{"rendered":"MOTOSIERRA PARA ALTURA MASSIMA"},"content":{"rendered":"<p>Motosierra de gasolina podadora de altura con v\u00e1stago telesc\u00f3pico para trabajos forestales intensivos. El largo del v\u00e1stago permite alcanzar una gran altura de corte de aproximadamente 4.95 metros. Incluye arn\u00e9s ergon\u00f3mico.<\/p>\n","protected":false},"excerpt":{"rendered":"<p><strong><span style=\"color: #a2014c\"><img loading=\"lazy\" decoding=\"async\" class=\"alignnone size-full wp-image-4638\" src=\"https:\/\/fiatmachinery.com\/wp-content\/uploads\/2022\/05\/Bandera-fiat-3.png\" alt=\"\" width=\"40\" height=\"31\" \/><\/span><span style=\"color: #993366\">Fiat Professional &#8211; MASSIMA<\/span><\/strong><\/p>\n<p>Motosierra telesc\u00f3pica MASSIMA con motor a gasolina de 2 tiempos de 1hp, altura m\u00e1xima 4.95 mts<\/p>\n<p><b>Caracter\u00edsticas<\/b><strong>:<\/strong><\/p>\n<ul>\n<li>Cilindrada: 26 cc<\/li>\n<li>HP: 1<\/li>\n<li>Barra: 12&#8243;<\/li>\n<li>Paso: 3\/8 LP<\/li>\n<li>Capacidad de combustible: 650 ml<\/li>\n<li>Rango de altura: 2.25 A 4.95 MAX.<\/li>\n<li>Peso: 8 KG<\/li>\n<\/ul>\n<p>&nbsp;<\/p>\n","protected":false},"featured_media":8611,"template":"","meta":[],"product_cat":[70,204],"product_tag":[979,995,999,1000],"class_list":{"0":"post-8099","1":"product","2":"type-product","3":"status-publish","4":"has-post-thumbnail","6":"product_cat-forestal-jardineria-aspersion","7":"product_cat-motosierra-p-poda-y-altura","8":"product_tag-jardineria","9":"product_tag-motosierra","10":"product_tag-podar","11":"product_tag-tala","13":"first","14":"instock","15":"shipping-taxable","16":"product-type-simple"},"_links":{"self":[{"href":"https:\/\/fiatmachinery.com\/it\/wp-json\/wp\/v2\/product\/8099"}],"collection":[{"href":"https:\/\/fiatmachinery.com\/it\/wp-json\/wp\/v2\/product"}],"about":[{"href":"https:\/\/fiatmachinery.com\/it\/wp-json\/wp\/v2\/types\/product"}],"wp:featuredmedia":[{"embeddable":true,"href":"https:\/\/fiatmachinery.com\/it\/wp-json\/wp\/v2\/media\/8611"}],"wp:attachment":[{"href":"https:\/\/fiatmachinery.com\/it\/wp-json\/wp\/v2\/media?parent=8099"}],"wp:term":[{"taxonomy":"product_cat","embeddable":true,"href":"https:\/\/fiatmachinery.com\/it\/wp-json\/wp\/v2\/product_cat?post=8099"},{"taxonomy":"product_tag","embeddable":true,"href":"https:\/\/fiatmachinery.com\/it\/wp-json\/wp\/v2\/product_tag?post=8099"}],"curies":[{"name":"wp","href":"https:\/\/api.w.org\/{rel}","templated":true}]}}