{"id":8159,"date":"2022-07-08T16:25:07","date_gmt":"2022-07-08T21:25:07","guid":{"rendered":"https:\/\/prodottidiforza.com\/?post_type=product&#038;p=8159"},"modified":"2024-09-04T11:27:06","modified_gmt":"2024-09-04T17:27:06","slug":"generador-portatil-felini2-2","status":"publish","type":"product","link":"https:\/\/fiatmachinery.com\/it\/producto\/generador-portatil-felini2-2\/","title":{"rendered":"GENERADOR PORT\u00c1TIL FELINI2.2"},"content":{"rendered":"<p>La nueva tecnolog\u00eda Inverter de FIAT PROFESSIONAL en la serie de Generadores FELINI permite al usuario disfrutar del gran poder de su energ\u00eda con un baj\u00edsimo nivel de ruido. Por su corriente estable, permite conectar cualquier dispositivo, incluso electr\u00f3nicos.<\/p>\n","protected":false},"excerpt":{"rendered":"<p><strong><span style=\"color: #a2014c\"><img loading=\"lazy\" decoding=\"async\" class=\"alignnone size-full wp-image-4638\" src=\"https:\/\/fiatmachinery.com\/wp-content\/uploads\/2022\/05\/Bandera-fiat-3.png\" alt=\"\" width=\"40\" height=\"31\" \/><\/span><span style=\"color: #993366\">Fiat Professional &#8211; FELINI2.2<\/span><\/strong><\/p>\n<p>Generador a Gasolina Monof\u00e1sico Inverter<\/p>\n<p><b>Caracter\u00edsticas<\/b><strong>:<\/strong><\/p>\n<ul>\n<li>Motor: 4 Tiempos<\/li>\n<li>HP: 3.5 HP<\/li>\n<li>Kw continuos: 2.0 Kw<\/li>\n<li>Kw pico: 2.2 Kw<\/li>\n<li>Volts\/Hertz. 110 V \/ 60 Hz<\/li>\n<li>Break de trabajo; 10 A<\/li>\n<li>Peso: 25.4Kg<\/li>\n<\/ul>\n<div class=\"materialficha\">\n<h3><\/h3>\n<h3>DESCARGA MATERIAL DIGITAL<\/h3>\n<\/div>\n<div class=\"materialbtn\"><a class=\"myButton\" href=\"https:\/\/drive.google.com\/file\/d\/1QVX8uKRGMTuBnysR5uFP0Zviei0JxA6f\/view?usp=sharing\">FICHA<br \/>\nTECNICA<\/a><br \/>\n<a class=\"myButton\" href=\"https:\/\/drive.google.com\/file\/d\/1MFJHyCA8tQ4z8Ztumtt7Am_wbic7VkhH\/view?usp=sharing\">MANUAL DE<br \/>\nUSUARIO<\/a><br \/>\n<a class=\"myButton\" href=\"https:\/\/drive.google.com\/file\/d\/1qKYUKHeoWxUFrh4YcqJkZrAxVaJgwuDx\/view?usp=sharing\">MANUAL DE<br \/>\nDESPIECE<\/a><\/div>\n","protected":false},"featured_media":12534,"template":"","meta":[],"product_cat":[64,234,346],"product_tag":[1066,1067,977],"class_list":{"0":"post-8159","1":"product","2":"type-product","3":"status-publish","4":"has-post-thumbnail","6":"product_cat-construccion-y-generadores","7":"product_cat-generadores-portatiles","8":"product_cat-inverter","9":"product_tag-generador","10":"product_tag-inverter","11":"product_tag-portatil","13":"first","14":"instock","15":"shipping-taxable","16":"product-type-simple"},"_links":{"self":[{"href":"https:\/\/fiatmachinery.com\/it\/wp-json\/wp\/v2\/product\/8159"}],"collection":[{"href":"https:\/\/fiatmachinery.com\/it\/wp-json\/wp\/v2\/product"}],"about":[{"href":"https:\/\/fiatmachinery.com\/it\/wp-json\/wp\/v2\/types\/product"}],"wp:featuredmedia":[{"embeddable":true,"href":"https:\/\/fiatmachinery.com\/it\/wp-json\/wp\/v2\/media\/12534"}],"wp:attachment":[{"href":"https:\/\/fiatmachinery.com\/it\/wp-json\/wp\/v2\/media?parent=8159"}],"wp:term":[{"taxonomy":"product_cat","embeddable":true,"href":"https:\/\/fiatmachinery.com\/it\/wp-json\/wp\/v2\/product_cat?post=8159"},{"taxonomy":"product_tag","embeddable":true,"href":"https:\/\/fiatmachinery.com\/it\/wp-json\/wp\/v2\/product_tag?post=8159"}],"curies":[{"name":"wp","href":"https:\/\/api.w.org\/{rel}","templated":true}]}}