{"id":9055,"date":"2022-08-23T17:59:04","date_gmt":"2022-08-23T22:59:04","guid":{"rendered":"https:\/\/prodottidiforza.com\/?post_type=product&#038;p=9055"},"modified":"2022-08-26T15:45:15","modified_gmt":"2022-08-26T20:45:15","slug":"hidrolavadora-a-bateria-signoratop","status":"publish","type":"product","link":"https:\/\/fiatmachinery.com\/it\/producto\/hidrolavadora-a-bateria-signoratop\/","title":{"rendered":"HIDROLAVADORA A BATER\u00cdA SIGNORATOP"},"content":{"rendered":"<p style=\"text-align: left\">Hidrolavadora a bater\u00eda, con motor libre de carbones el cu\u00e1l no requiere mantenimiento y evita el desgaste prematuro. No incluye cargador ni bater\u00eda<\/p>\n","protected":false},"excerpt":{"rendered":"<p><strong><span style=\"color: #a2014c\"><img loading=\"lazy\" decoding=\"async\" class=\"alignnone size-full wp-image-4638\" src=\"https:\/\/fiatmachinery.com\/wp-content\/uploads\/2022\/05\/Bandera-fiat-3.png\" alt=\"\" width=\"40\" height=\"31\" \/><\/span><span style=\"color: #993366\">Fiat professional &#8211; SIGNORATOP<\/span><\/strong><\/p>\n<p>Hidrolavadora a bater\u00eda(solo herramienta)<\/p>\n<p><b>Caracter\u00edsticas<\/b><strong>:<\/strong><\/p>\n<ul>\n<li>Motor libre de carbones<\/li>\n<li>Presi\u00f3n de agua: 3.5 Mpa<\/li>\n<li>Boquilla ajustable 0\u00ba-90\u00ba<\/li>\n<li>No incluye cargador ni bater\u00eda<\/li>\n<\/ul>\n<p><b>Accesorios:<\/b><\/p>\n<ul>\n<li>1 pistola de presi\u00f3n<\/li>\n<li>\u00a0Extensi\u00f3n de pistola con boquilla ajustable<\/li>\n<li>8 mts de manguera de salida<\/li>\n<li>2 mts de manguera de entrada<\/li>\n<li>1 adaptador de manguera<\/li>\n<li>1 dispensador de jab\u00f3n<\/li>\n<\/ul>\n","protected":false},"featured_media":9169,"template":"","meta":[],"product_cat":[75,834],"product_tag":[922,921,1047,1048],"class_list":{"0":"post-9055","1":"product","2":"type-product","3":"status-publish","4":"has-post-thumbnail","6":"product_cat-herramienta-electrica-bateria","7":"product_cat-hidrolavadora-a-bateria","8":"product_tag-bateria","9":"product_tag-herramienta-electrica","10":"product_tag-hidrolavadora","11":"product_tag-lavadora","13":"first","14":"instock","15":"shipping-taxable","16":"product-type-simple"},"_links":{"self":[{"href":"https:\/\/fiatmachinery.com\/it\/wp-json\/wp\/v2\/product\/9055"}],"collection":[{"href":"https:\/\/fiatmachinery.com\/it\/wp-json\/wp\/v2\/product"}],"about":[{"href":"https:\/\/fiatmachinery.com\/it\/wp-json\/wp\/v2\/types\/product"}],"wp:featuredmedia":[{"embeddable":true,"href":"https:\/\/fiatmachinery.com\/it\/wp-json\/wp\/v2\/media\/9169"}],"wp:attachment":[{"href":"https:\/\/fiatmachinery.com\/it\/wp-json\/wp\/v2\/media?parent=9055"}],"wp:term":[{"taxonomy":"product_cat","embeddable":true,"href":"https:\/\/fiatmachinery.com\/it\/wp-json\/wp\/v2\/product_cat?post=9055"},{"taxonomy":"product_tag","embeddable":true,"href":"https:\/\/fiatmachinery.com\/it\/wp-json\/wp\/v2\/product_tag?post=9055"}],"curies":[{"name":"wp","href":"https:\/\/api.w.org\/{rel}","templated":true}]}}