{"id":9901,"date":"2023-04-13T10:36:30","date_gmt":"2023-04-13T16:36:30","guid":{"rendered":"https:\/\/fiatmachinery.com\/?post_type=product&#038;p=9901"},"modified":"2024-05-31T13:54:48","modified_gmt":"2024-05-31T19:54:48","slug":"generador-tuono_8-5","status":"publish","type":"product","link":"https:\/\/fiatmachinery.com\/it\/producto\/generador-tuono_8-5\/","title":{"rendered":"GENERADOR A GASOLINA TUONO 8.5"},"content":{"rendered":"<p style=\"text-align: left\">Los generadores a gasolina TUONO, son potentes y vers\u00e1tiles, ideales para el uso en la industria metal mec\u00e1nica, construcci\u00f3n y cualquier necesidad de suministro de energ\u00eda. Con su perfecto dise\u00f1o italiano y embobinado de cobre, le brindan la satisfacci\u00f3n total para el uso que necesite.<\/p>\n","protected":false},"excerpt":{"rendered":"<p><strong><span style=\"color: #a2014c\"><img loading=\"lazy\" decoding=\"async\" class=\"alignnone size-full wp-image-4638\" src=\"https:\/\/fiatmachinery.com\/wp-content\/uploads\/2022\/05\/Bandera-fiat-3.png\" alt=\"\" width=\"40\" height=\"31\" \/><\/span><span style=\"color: #993366\">Fiat Professional &#8211; TUONO 8.5<\/span><\/strong><\/p>\n<p>Los generadores a gasolina TUONO, son potentes y vers\u00e1tiles, ideales para el uso en la industria metal mec\u00e1nica, construcci\u00f3n y cualquier necesidad de suministro de energ\u00eda. Con su perfecto dise\u00f1o italiano y embobinado de cobre, le brindan la satisfacci\u00f3n total para el uso que necesite.<\/p>\n<p><b>Caracter\u00edsticas<\/b><strong>:<\/strong><\/p>\n<ul>\n<li>HP: 15<\/li>\n<li>M\u00c1XIMA &#8211; CONT\u00cdNUA: 11 &#8211; 8.5 KW<\/li>\n<li>VOLTS: 110\/220 V<\/li>\n<li>HERTZ: 60<\/li>\n<li>PESO: 98 KG<\/li>\n<\/ul>\n<p>&nbsp;<\/p>\n<div class=\"materialficha\">\n<h3><i class=\"fa fa-download\" aria-hidden=\"true\"><\/i> DESCARGA MATERIAL DIGITAL<\/h3>\n<\/div>\n<div class=\"materialbtn\"><a class=\"myButton\" href=\"https:\/\/drive.google.com\/file\/d\/1wqkDqhvtim-VVs5oLdUursPImzr93pze\/view?usp=sharing\">FICHA<br \/>\nTECNICA<\/a><br \/>\n<a class=\"myButton\" href=\"https:\/\/drive.google.com\/file\/d\/1pJuAcRxgvWh2TTwigUk8o0FDyVti1U3s\/view?usp=sharing\">MANUAL DE<br \/>\nUSUARIO<\/a><br \/>\n<a class=\"myButton\" href=\"#\">MANUAL DE<br \/>\nDESPIECE<\/a><\/div>\n","protected":false},"featured_media":10529,"template":"","meta":[],"product_cat":[64,234,347],"product_tag":[1066,1068,977,1070],"class_list":{"0":"post-9901","1":"product","2":"type-product","3":"status-publish","4":"has-post-thumbnail","6":"product_cat-construccion-y-generadores","7":"product_cat-generadores-portatiles","8":"product_cat-monofasicos-generadores-portatiles","9":"product_tag-generador","10":"product_tag-monofasico","11":"product_tag-portatil","12":"product_tag-soldadora","14":"first","15":"instock","16":"shipping-taxable","17":"product-type-simple"},"_links":{"self":[{"href":"https:\/\/fiatmachinery.com\/it\/wp-json\/wp\/v2\/product\/9901"}],"collection":[{"href":"https:\/\/fiatmachinery.com\/it\/wp-json\/wp\/v2\/product"}],"about":[{"href":"https:\/\/fiatmachinery.com\/it\/wp-json\/wp\/v2\/types\/product"}],"wp:featuredmedia":[{"embeddable":true,"href":"https:\/\/fiatmachinery.com\/it\/wp-json\/wp\/v2\/media\/10529"}],"wp:attachment":[{"href":"https:\/\/fiatmachinery.com\/it\/wp-json\/wp\/v2\/media?parent=9901"}],"wp:term":[{"taxonomy":"product_cat","embeddable":true,"href":"https:\/\/fiatmachinery.com\/it\/wp-json\/wp\/v2\/product_cat?post=9901"},{"taxonomy":"product_tag","embeddable":true,"href":"https:\/\/fiatmachinery.com\/it\/wp-json\/wp\/v2\/product_tag?post=9901"}],"curies":[{"name":"wp","href":"https:\/\/api.w.org\/{rel}","templated":true}]}}